{"id":24987,"date":"2023-07-18T22:55:30","date_gmt":"2023-07-18T20:55:30","guid":{"rendered":"https:\/\/smartkeeper.sk\/?post_type=product&#038;p=24987"},"modified":"2026-04-14T14:56:44","modified_gmt":"2026-04-14T12:56:44","slug":"fiber-optic-cable-lock-lc-single","status":"publish","type":"product","link":"https:\/\/smartkeeper.sk\/hu\/produkt\/fiber-optic-cable-lock-lc-single\/","title":{"rendered":"Fiber Optic LC Cable Lock Single"},"content":{"rendered":"<p><span data-sheets-value=\"{&quot;1&quot;:2,&quot;2&quot;:&quot;A kiberbiztons\u00e1g fizikai eszk\u00f6ze, amely megakad\u00e1lyozza a csatlakoztatott optikai k\u00e1bel illet\u00e9ktelen elt\u00e1vol\u00edt\u00e1s\u00e1t az SFP portokb\u00f3l (LC Single). V\u00e1r a csatlakoztatott eszk\u00f6z z\u00e1rol\u00e1s\u00e1hoz az SFP optikai portj\u00e1ban. \u00dczenetk\u00fcld\u00e9s \u00e9s ellen\u0151rz\u00e9s b\u00e1rmilyen LC egycsatlakoz\u00f3s eszk\u00f6zzel. Megakad\u00e1lyozza a csatlakoztatott optikai eszk\u00f6z\u00f6k jogosulatlan elt\u00e1vol\u00edt\u00e1s\u00e1t kulcs n\u00e9lk\u00fcl.\\r\\n\\r\\nEz a term\u00e9k minden v\u00e1s\u00e1rl\u00f3 sz\u00e1m\u00e1ra egyedileg k\u00e9sz\u00fcl. \u00c1raj\u00e1nlat\u00e9rt k\u00e9rj\u00fck, vegye fel vel\u00fcnk a kapcsolatot az info@smartkeeper.sk e-mail c\u00edmen, vagy haszn\u00e1lja a weboldal alj\u00e1n tal\u00e1lhat\u00f3 kapcsolatfelv\u00e9teli \u0171rlapunkat.&quot;}\" data-sheets-userformat=\"{&quot;2&quot;:897,&quot;3&quot;:{&quot;1&quot;:0},&quot;10&quot;:0,&quot;11&quot;:4,&quot;12&quot;:0}\">A kiberbiztons\u00e1g fizikai eszk\u00f6ze, amely megakad\u00e1lyozza a csatlakoztatott optikai k\u00e1bel illet\u00e9ktelen elt\u00e1vol\u00edt\u00e1s\u00e1t az SFP portokb\u00f3l (LC Single). V\u00e1r a csatlakoztatott eszk\u00f6z z\u00e1rol\u00e1s\u00e1hoz az SFP optikai portj\u00e1ban. \u00dczenetk\u00fcld\u00e9s \u00e9s ellen\u0151rz\u00e9s b\u00e1rmilyen LC egycsatlakoz\u00f3s eszk\u00f6zzel. Megakad\u00e1lyozza a csatlakoztatott optikai eszk\u00f6z\u00f6k jogosulatlan elt\u00e1vol\u00edt\u00e1s\u00e1t kulcs n\u00e9lk\u00fcl.<\/span><\/p>\n<p>&nbsp;<\/p>\n<p>Ez a term\u00e9k minden v\u00e1s\u00e1rl\u00f3 sz\u00e1m\u00e1ra egyedileg k\u00e9sz\u00fcl. \u00c1raj\u00e1nlat\u00e9rt \u00edrjon nek\u00fcnk az\u00a0<a href=\"mailto:info@smartkeeper.sk\"><strong>info@smartkeeper.sk<\/strong><\/a>\u00a0c\u00edmre, vagy haszn\u00e1lja az oldal alj\u00e1n tal\u00e1lhat\u00f3\u00a0<strong><a class=\"__mPS2id\" href=\"https:\/\/smartkeeper.sk\/hu\/produkt\/fiber-optic-cable-lock-lc-single\/#kontakt\">kapcsolatfelv\u00e9teli \u0171rlapunkat<\/a><\/strong>.<\/p>\n<p>&nbsp;<\/p>\n","protected":false},"excerpt":{"rendered":"<p><span data-sheets-value=\"{&quot;1&quot;:2,&quot;2&quot;:&quot;A kiberbiztons\u00e1g fizikai eszk\u00f6ze, amely megakad\u00e1lyozza a csatlakoztatott optikai k\u00e1bel illet\u00e9ktelen elt\u00e1vol\u00edt\u00e1s\u00e1t az SFP portokb\u00f3l (LC Single). V\u00e1r a csatlakoztatott eszk\u00f6z z\u00e1rol\u00e1s\u00e1hoz az SFP optikai portj\u00e1ban. \u00dczenetk\u00fcld\u00e9s \u00e9s ellen\u0151rz\u00e9s b\u00e1rmilyen LC egycsatlakoz\u00f3s eszk\u00f6zzel. Megakad\u00e1lyozza a csatlakoztatott optikai eszk\u00f6z\u00f6k jogosulatlan elt\u00e1vol\u00edt\u00e1s\u00e1t kulcs n\u00e9lk\u00fcl.\\r\\n\\r\\nEz a term\u00e9k minden v\u00e1s\u00e1rl\u00f3 sz\u00e1m\u00e1ra egyedileg k\u00e9sz\u00fcl. \u00c1raj\u00e1nlat\u00e9rt k\u00e9rj\u00fck, vegye fel vel\u00fcnk a kapcsolatot az info@smartkeeper.sk e-mail c\u00edmen, vagy haszn\u00e1lja a weboldal alj\u00e1n tal\u00e1lhat\u00f3 kapcsolatfelv\u00e9teli \u0171rlapunkat.&quot;}\" data-sheets-userformat=\"{&quot;2&quot;:897,&quot;3&quot;:{&quot;1&quot;:0},&quot;10&quot;:0,&quot;11&quot;:4,&quot;12&quot;:0}\">A kiberbiztons\u00e1g fizikai eszk\u00f6ze, amely megakad\u00e1lyozza a csatlakoztatott optikai k\u00e1bel illet\u00e9ktelen elt\u00e1vol\u00edt\u00e1s\u00e1t az SFP portokb\u00f3l (LC Single). V\u00e1r a csatlakoztatott eszk\u00f6z z\u00e1rol\u00e1s\u00e1hoz az SFP optikai portj\u00e1ban. \u00dczenetk\u00fcld\u00e9s \u00e9s ellen\u0151rz\u00e9s b\u00e1rmilyen LC egycsatlakoz\u00f3s eszk\u00f6zzel. Megakad\u00e1lyozza a csatlakoztatott optikai eszk\u00f6z\u00f6k jogosulatlan elt\u00e1vol\u00edt\u00e1s\u00e1t kulcs n\u00e9lk\u00fcl.<\/span><\/p>\n<p>&nbsp;<\/p>\n<p>Ez a term\u00e9k minden v\u00e1s\u00e1rl\u00f3 sz\u00e1m\u00e1ra egyedileg k\u00e9sz\u00fcl. \u00c1raj\u00e1nlat\u00e9rt \u00edrjon nek\u00fcnk az\u00a0<strong>info@smartkeeper.sk<\/strong>\u00a0c\u00edmre, vagy haszn\u00e1lja az oldal alj\u00e1n tal\u00e1lhat\u00f3\u00a0<strong><a class=\"__mPS2id\" href=\"https:\/\/smartkeeper.sk\/hu\/produkt\/professional-port-lock-key\/#kontakt\">kapcsolatfelv\u00e9teli \u0171rlapunkat<\/a><\/strong>.<\/p>\n<p>&nbsp;<\/p>\n","protected":false},"featured_media":25003,"template":"","meta":{"ocean_post_layout":"","ocean_both_sidebars_style":"","ocean_both_sidebars_content_width":0,"ocean_both_sidebars_sidebars_width":0,"ocean_sidebar":"0","ocean_second_sidebar":"0","ocean_disable_margins":"enable","ocean_add_body_class":"","ocean_shortcode_before_top_bar":"","ocean_shortcode_after_top_bar":"","ocean_shortcode_before_header":"","ocean_shortcode_after_header":"","ocean_has_shortcode":"","ocean_shortcode_after_title":"","ocean_shortcode_before_footer_widgets":"","ocean_shortcode_after_footer_widgets":"","ocean_shortcode_before_footer_bottom":"","ocean_shortcode_after_footer_bottom":"","ocean_display_top_bar":"default","ocean_display_header":"default","ocean_header_style":"","ocean_center_header_left_menu":"0","ocean_custom_header_template":"0","ocean_custom_logo":0,"ocean_custom_retina_logo":0,"ocean_custom_logo_max_width":0,"ocean_custom_logo_tablet_max_width":0,"ocean_custom_logo_mobile_max_width":0,"ocean_custom_logo_max_height":0,"ocean_custom_logo_tablet_max_height":0,"ocean_custom_logo_mobile_max_height":0,"ocean_header_custom_menu":"0","ocean_menu_typo_font_family":"0","ocean_menu_typo_font_subset":"","ocean_menu_typo_font_size":0,"ocean_menu_typo_font_size_tablet":0,"ocean_menu_typo_font_size_mobile":0,"ocean_menu_typo_font_size_unit":"px","ocean_menu_typo_font_weight":"","ocean_menu_typo_font_weight_tablet":"","ocean_menu_typo_font_weight_mobile":"","ocean_menu_typo_transform":"","ocean_menu_typo_transform_tablet":"","ocean_menu_typo_transform_mobile":"","ocean_menu_typo_line_height":0,"ocean_menu_typo_line_height_tablet":0,"ocean_menu_typo_line_height_mobile":0,"ocean_menu_typo_line_height_unit":"","ocean_menu_typo_spacing":0,"ocean_menu_typo_spacing_tablet":0,"ocean_menu_typo_spacing_mobile":0,"ocean_menu_typo_spacing_unit":"","ocean_menu_link_color":"","ocean_menu_link_color_hover":"","ocean_menu_link_color_active":"","ocean_menu_link_background":"","ocean_menu_link_hover_background":"","ocean_menu_link_active_background":"","ocean_menu_social_links_bg":"","ocean_menu_social_hover_links_bg":"","ocean_menu_social_links_color":"","ocean_menu_social_hover_links_color":"","ocean_disable_title":"default","ocean_disable_heading":"default","ocean_post_title":"","ocean_post_subheading":"","ocean_post_title_style":"","ocean_post_title_background_color":"","ocean_post_title_background":0,"ocean_post_title_bg_image_position":"","ocean_post_title_bg_image_attachment":"","ocean_post_title_bg_image_repeat":"","ocean_post_title_bg_image_size":"","ocean_post_title_height":0,"ocean_post_title_bg_overlay":0.5,"ocean_post_title_bg_overlay_color":"","ocean_disable_breadcrumbs":"default","ocean_breadcrumbs_color":"","ocean_breadcrumbs_separator_color":"","ocean_breadcrumbs_links_color":"","ocean_breadcrumbs_links_hover_color":"","ocean_display_footer_widgets":"default","ocean_display_footer_bottom":"default","ocean_custom_footer_template":"0"},"product_brand":[],"product_cat":[64,131],"product_tag":[385],"class_list":{"0":"post-24987","1":"product","2":"type-product","3":"status-publish","4":"has-post-thumbnail","6":"product_cat-network-security-hu","7":"product_cat-professional-hu","8":"product_tag-smartkeeper-hu","10":"entry","11":"has-media","13":"first","14":"instock","15":"taxable","16":"shipping-taxable","17":"product-type-simple","18":"has-product-nav","19":"col","20":"span_1_of_4","21":"owp-content-center","22":"owp-thumbs-layout-horizontal","23":"owp-btn-normal","24":"owp-tabs-layout-section"},"yoast_head":"<!-- This site is optimized with the Yoast SEO Premium plugin v27.4 (Yoast SEO v27.4) - https:\/\/yoast.com\/product\/yoast-seo-premium-wordpress\/ -->\n<title>Fiber Optic LC Cable Lock Single | Az LC optikai csatlakoz\u00f3 v\u00e9delme<\/title>\n<meta name=\"description\" content=\"A kiberbiztons\u00e1g fizikai eszk\u00f6ze, amely megakad\u00e1lyozza a csatlakoztatott optikai k\u00e1bel illet\u00e9ktelen elt\u00e1vol\u00edt\u00e1s\u00e1t az SFP portokb\u00f3l (LC Single). Az LC optikai csatlakoz\u00f3 v\u00e9delme\" \/>\n<meta name=\"robots\" content=\"index, follow, max-snippet:-1, max-image-preview:large, max-video-preview:-1\" \/>\n<link rel=\"canonical\" href=\"https:\/\/smartkeeper.sk\/hu\/produkt\/fiber-optic-cable-lock-lc-single\/\" \/>\n<meta property=\"og:locale\" content=\"hu_HU\" \/>\n<meta property=\"og:type\" content=\"article\" \/>\n<meta property=\"og:title\" content=\"Fiber Optic LC Cable Lock Single\" \/>\n<meta property=\"og:description\" content=\"A kiberbiztons\u00e1g fizikai eszk\u00f6ze, amely megakad\u00e1lyozza a csatlakoztatott optikai k\u00e1bel illet\u00e9ktelen elt\u00e1vol\u00edt\u00e1s\u00e1t az SFP portokb\u00f3l (LC Single). Az LC optikai csatlakoz\u00f3 v\u00e9delme\" \/>\n<meta property=\"og:url\" content=\"https:\/\/smartkeeper.sk\/hu\/produkt\/fiber-optic-cable-lock-lc-single\/\" \/>\n<meta property=\"og:site_name\" content=\"smartkeeper.sk\" \/>\n<meta property=\"article:publisher\" content=\"https:\/\/www.facebook.com\/SmartKeeperCEE\/\" \/>\n<meta property=\"article:modified_time\" content=\"2026-04-14T12:56:44+00:00\" \/>\n<meta property=\"og:image\" content=\"https:\/\/smartkeeper.sk\/wp-content\/uploads\/2023\/07\/CSK-FOC10S_Perspective-2-1.jpg\" \/>\n\t<meta property=\"og:image:width\" content=\"1152\" \/>\n\t<meta property=\"og:image:height\" content=\"720\" \/>\n\t<meta property=\"og:image:type\" content=\"image\/jpeg\" \/>\n<meta name=\"twitter:card\" content=\"summary_large_image\" \/>\n<meta name=\"twitter:label1\" content=\"Becs\u00fclt olvas\u00e1si id\u0151\" \/>\n\t<meta name=\"twitter:data1\" content=\"1 perc\" \/>\n<script type=\"application\/ld+json\" class=\"yoast-schema-graph\">{\"@context\":\"https:\\\/\\\/schema.org\",\"@graph\":[{\"@type\":\"WebPage\",\"@id\":\"https:\\\/\\\/smartkeeper.sk\\\/hu\\\/produkt\\\/fiber-optic-cable-lock-lc-single\\\/\",\"url\":\"https:\\\/\\\/smartkeeper.sk\\\/hu\\\/produkt\\\/fiber-optic-cable-lock-lc-single\\\/\",\"name\":\"Fiber Optic LC Cable Lock Single | Az LC optikai csatlakoz\u00f3 v\u00e9delme\",\"isPartOf\":{\"@id\":\"https:\\\/\\\/smartkeeper.sk\\\/hu\\\/#website\"},\"primaryImageOfPage\":{\"@id\":\"https:\\\/\\\/smartkeeper.sk\\\/hu\\\/produkt\\\/fiber-optic-cable-lock-lc-single\\\/#primaryimage\"},\"image\":{\"@id\":\"https:\\\/\\\/smartkeeper.sk\\\/hu\\\/produkt\\\/fiber-optic-cable-lock-lc-single\\\/#primaryimage\"},\"thumbnailUrl\":\"https:\\\/\\\/smartkeeper.sk\\\/wp-content\\\/uploads\\\/2023\\\/07\\\/CSK-FOC10S_Perspective-2-1.jpg\",\"datePublished\":\"2023-07-18T20:55:30+00:00\",\"dateModified\":\"2026-04-14T12:56:44+00:00\",\"description\":\"A kiberbiztons\u00e1g fizikai eszk\u00f6ze, amely megakad\u00e1lyozza a csatlakoztatott optikai k\u00e1bel illet\u00e9ktelen elt\u00e1vol\u00edt\u00e1s\u00e1t az SFP portokb\u00f3l (LC Single). Az LC optikai csatlakoz\u00f3 v\u00e9delme\",\"breadcrumb\":{\"@id\":\"https:\\\/\\\/smartkeeper.sk\\\/hu\\\/produkt\\\/fiber-optic-cable-lock-lc-single\\\/#breadcrumb\"},\"inLanguage\":\"hu\",\"potentialAction\":[{\"@type\":\"ReadAction\",\"target\":[\"https:\\\/\\\/smartkeeper.sk\\\/hu\\\/produkt\\\/fiber-optic-cable-lock-lc-single\\\/\"]}]},{\"@type\":\"ImageObject\",\"inLanguage\":\"hu\",\"@id\":\"https:\\\/\\\/smartkeeper.sk\\\/hu\\\/produkt\\\/fiber-optic-cable-lock-lc-single\\\/#primaryimage\",\"url\":\"https:\\\/\\\/smartkeeper.sk\\\/wp-content\\\/uploads\\\/2023\\\/07\\\/CSK-FOC10S_Perspective-2-1.jpg\",\"contentUrl\":\"https:\\\/\\\/smartkeeper.sk\\\/wp-content\\\/uploads\\\/2023\\\/07\\\/CSK-FOC10S_Perspective-2-1.jpg\",\"width\":1152,\"height\":720},{\"@type\":\"BreadcrumbList\",\"@id\":\"https:\\\/\\\/smartkeeper.sk\\\/hu\\\/produkt\\\/fiber-optic-cable-lock-lc-single\\\/#breadcrumb\",\"itemListElement\":[{\"@type\":\"ListItem\",\"position\":1,\"name\":\"Domovsk\u00e1 str\u00e1nka\",\"item\":\"https:\\\/\\\/smartkeeper.sk\\\/hu\\\/\"},{\"@type\":\"ListItem\",\"position\":2,\"name\":\"Shop\",\"item\":\"https:\\\/\\\/smartkeeper.sk\\\/hu\\\/shop\\\/\"},{\"@type\":\"ListItem\",\"position\":3,\"name\":\"Fiber Optic LC Cable Lock Single\"}]},{\"@type\":\"WebSite\",\"@id\":\"https:\\\/\\\/smartkeeper.sk\\\/hu\\\/#website\",\"url\":\"https:\\\/\\\/smartkeeper.sk\\\/hu\\\/\",\"name\":\"smartkeeper.sk\",\"description\":\"SmartKeeper - cybersecurity IT locks and devices\",\"publisher\":{\"@id\":\"https:\\\/\\\/smartkeeper.sk\\\/hu\\\/#organization\"},\"potentialAction\":[{\"@type\":\"SearchAction\",\"target\":{\"@type\":\"EntryPoint\",\"urlTemplate\":\"https:\\\/\\\/smartkeeper.sk\\\/hu\\\/?s={search_term_string}\"},\"query-input\":{\"@type\":\"PropertyValueSpecification\",\"valueRequired\":true,\"valueName\":\"search_term_string\"}}],\"inLanguage\":\"hu\"},{\"@type\":\"Organization\",\"@id\":\"https:\\\/\\\/smartkeeper.sk\\\/hu\\\/#organization\",\"name\":\"SmartKeeper\",\"url\":\"https:\\\/\\\/smartkeeper.sk\\\/hu\\\/\",\"logo\":{\"@type\":\"ImageObject\",\"inLanguage\":\"hu\",\"@id\":\"https:\\\/\\\/smartkeeper.sk\\\/hu\\\/#\\\/schema\\\/logo\\\/image\\\/\",\"url\":\"https:\\\/\\\/smartkeeper.sk\\\/wp-content\\\/uploads\\\/2022\\\/01\\\/smart-keeper-logo-white-200px-1.png\",\"contentUrl\":\"https:\\\/\\\/smartkeeper.sk\\\/wp-content\\\/uploads\\\/2022\\\/01\\\/smart-keeper-logo-white-200px-1.png\",\"width\":400,\"height\":219,\"caption\":\"SmartKeeper\"},\"image\":{\"@id\":\"https:\\\/\\\/smartkeeper.sk\\\/hu\\\/#\\\/schema\\\/logo\\\/image\\\/\"},\"sameAs\":[\"https:\\\/\\\/www.facebook.com\\\/SmartKeeperCEE\\\/\",\"https:\\\/\\\/sk.linkedin.com\\\/company\\\/smartkeeper-ce?trk=public_profile_experience-item_profile-section-card_image-click\"]}]}<\/script>\n<!-- \/ Yoast SEO Premium plugin. -->","yoast_head_json":{"title":"Fiber Optic LC Cable Lock Single | Az LC optikai csatlakoz\u00f3 v\u00e9delme","description":"A kiberbiztons\u00e1g fizikai eszk\u00f6ze, amely megakad\u00e1lyozza a csatlakoztatott optikai k\u00e1bel illet\u00e9ktelen elt\u00e1vol\u00edt\u00e1s\u00e1t az SFP portokb\u00f3l (LC Single). Az LC optikai csatlakoz\u00f3 v\u00e9delme","robots":{"index":"index","follow":"follow","max-snippet":"max-snippet:-1","max-image-preview":"max-image-preview:large","max-video-preview":"max-video-preview:-1"},"canonical":"https:\/\/smartkeeper.sk\/hu\/produkt\/fiber-optic-cable-lock-lc-single\/","og_locale":"hu_HU","og_type":"article","og_title":"Fiber Optic LC Cable Lock Single","og_description":"A kiberbiztons\u00e1g fizikai eszk\u00f6ze, amely megakad\u00e1lyozza a csatlakoztatott optikai k\u00e1bel illet\u00e9ktelen elt\u00e1vol\u00edt\u00e1s\u00e1t az SFP portokb\u00f3l (LC Single). Az LC optikai csatlakoz\u00f3 v\u00e9delme","og_url":"https:\/\/smartkeeper.sk\/hu\/produkt\/fiber-optic-cable-lock-lc-single\/","og_site_name":"smartkeeper.sk","article_publisher":"https:\/\/www.facebook.com\/SmartKeeperCEE\/","article_modified_time":"2026-04-14T12:56:44+00:00","og_image":[{"width":1152,"height":720,"url":"https:\/\/smartkeeper.sk\/wp-content\/uploads\/2023\/07\/CSK-FOC10S_Perspective-2-1.jpg","type":"image\/jpeg"}],"twitter_card":"summary_large_image","twitter_misc":{"Becs\u00fclt olvas\u00e1si id\u0151":"1 perc"},"schema":{"@context":"https:\/\/schema.org","@graph":[{"@type":"WebPage","@id":"https:\/\/smartkeeper.sk\/hu\/produkt\/fiber-optic-cable-lock-lc-single\/","url":"https:\/\/smartkeeper.sk\/hu\/produkt\/fiber-optic-cable-lock-lc-single\/","name":"Fiber Optic LC Cable Lock Single | Az LC optikai csatlakoz\u00f3 v\u00e9delme","isPartOf":{"@id":"https:\/\/smartkeeper.sk\/hu\/#website"},"primaryImageOfPage":{"@id":"https:\/\/smartkeeper.sk\/hu\/produkt\/fiber-optic-cable-lock-lc-single\/#primaryimage"},"image":{"@id":"https:\/\/smartkeeper.sk\/hu\/produkt\/fiber-optic-cable-lock-lc-single\/#primaryimage"},"thumbnailUrl":"https:\/\/smartkeeper.sk\/wp-content\/uploads\/2023\/07\/CSK-FOC10S_Perspective-2-1.jpg","datePublished":"2023-07-18T20:55:30+00:00","dateModified":"2026-04-14T12:56:44+00:00","description":"A kiberbiztons\u00e1g fizikai eszk\u00f6ze, amely megakad\u00e1lyozza a csatlakoztatott optikai k\u00e1bel illet\u00e9ktelen elt\u00e1vol\u00edt\u00e1s\u00e1t az SFP portokb\u00f3l (LC Single). Az LC optikai csatlakoz\u00f3 v\u00e9delme","breadcrumb":{"@id":"https:\/\/smartkeeper.sk\/hu\/produkt\/fiber-optic-cable-lock-lc-single\/#breadcrumb"},"inLanguage":"hu","potentialAction":[{"@type":"ReadAction","target":["https:\/\/smartkeeper.sk\/hu\/produkt\/fiber-optic-cable-lock-lc-single\/"]}]},{"@type":"ImageObject","inLanguage":"hu","@id":"https:\/\/smartkeeper.sk\/hu\/produkt\/fiber-optic-cable-lock-lc-single\/#primaryimage","url":"https:\/\/smartkeeper.sk\/wp-content\/uploads\/2023\/07\/CSK-FOC10S_Perspective-2-1.jpg","contentUrl":"https:\/\/smartkeeper.sk\/wp-content\/uploads\/2023\/07\/CSK-FOC10S_Perspective-2-1.jpg","width":1152,"height":720},{"@type":"BreadcrumbList","@id":"https:\/\/smartkeeper.sk\/hu\/produkt\/fiber-optic-cable-lock-lc-single\/#breadcrumb","itemListElement":[{"@type":"ListItem","position":1,"name":"Domovsk\u00e1 str\u00e1nka","item":"https:\/\/smartkeeper.sk\/hu\/"},{"@type":"ListItem","position":2,"name":"Shop","item":"https:\/\/smartkeeper.sk\/hu\/shop\/"},{"@type":"ListItem","position":3,"name":"Fiber Optic LC Cable Lock Single"}]},{"@type":"WebSite","@id":"https:\/\/smartkeeper.sk\/hu\/#website","url":"https:\/\/smartkeeper.sk\/hu\/","name":"smartkeeper.sk","description":"SmartKeeper - cybersecurity IT locks and devices","publisher":{"@id":"https:\/\/smartkeeper.sk\/hu\/#organization"},"potentialAction":[{"@type":"SearchAction","target":{"@type":"EntryPoint","urlTemplate":"https:\/\/smartkeeper.sk\/hu\/?s={search_term_string}"},"query-input":{"@type":"PropertyValueSpecification","valueRequired":true,"valueName":"search_term_string"}}],"inLanguage":"hu"},{"@type":"Organization","@id":"https:\/\/smartkeeper.sk\/hu\/#organization","name":"SmartKeeper","url":"https:\/\/smartkeeper.sk\/hu\/","logo":{"@type":"ImageObject","inLanguage":"hu","@id":"https:\/\/smartkeeper.sk\/hu\/#\/schema\/logo\/image\/","url":"https:\/\/smartkeeper.sk\/wp-content\/uploads\/2022\/01\/smart-keeper-logo-white-200px-1.png","contentUrl":"https:\/\/smartkeeper.sk\/wp-content\/uploads\/2022\/01\/smart-keeper-logo-white-200px-1.png","width":400,"height":219,"caption":"SmartKeeper"},"image":{"@id":"https:\/\/smartkeeper.sk\/hu\/#\/schema\/logo\/image\/"},"sameAs":["https:\/\/www.facebook.com\/SmartKeeperCEE\/","https:\/\/sk.linkedin.com\/company\/smartkeeper-ce?trk=public_profile_experience-item_profile-section-card_image-click"]}]}},"jetpack_sharing_enabled":true,"_links":{"self":[{"href":"https:\/\/smartkeeper.sk\/hu\/wp-json\/wp\/v2\/product\/24987","targetHints":{"allow":["GET"]}}],"collection":[{"href":"https:\/\/smartkeeper.sk\/hu\/wp-json\/wp\/v2\/product"}],"about":[{"href":"https:\/\/smartkeeper.sk\/hu\/wp-json\/wp\/v2\/types\/product"}],"version-history":[{"count":4,"href":"https:\/\/smartkeeper.sk\/hu\/wp-json\/wp\/v2\/product\/24987\/revisions"}],"predecessor-version":[{"id":33724,"href":"https:\/\/smartkeeper.sk\/hu\/wp-json\/wp\/v2\/product\/24987\/revisions\/33724"}],"wp:featuredmedia":[{"embeddable":true,"href":"https:\/\/smartkeeper.sk\/hu\/wp-json\/wp\/v2\/media\/25003"}],"wp:attachment":[{"href":"https:\/\/smartkeeper.sk\/hu\/wp-json\/wp\/v2\/media?parent=24987"}],"wp:term":[{"taxonomy":"product_brand","embeddable":true,"href":"https:\/\/smartkeeper.sk\/hu\/wp-json\/wp\/v2\/product_brand?post=24987"},{"taxonomy":"product_cat","embeddable":true,"href":"https:\/\/smartkeeper.sk\/hu\/wp-json\/wp\/v2\/product_cat?post=24987"},{"taxonomy":"product_tag","embeddable":true,"href":"https:\/\/smartkeeper.sk\/hu\/wp-json\/wp\/v2\/product_tag?post=24987"}],"curies":[{"name":"wp","href":"https:\/\/api.w.org\/{rel}","templated":true}]}}