{"id":33539,"date":"2026-04-08T14:39:44","date_gmt":"2026-04-08T12:39:44","guid":{"rendered":"https:\/\/smartkeeper.sk\/?post_type=product&#038;p=33539"},"modified":"2026-04-14T13:10:39","modified_gmt":"2026-04-14T11:10:39","slug":"fiber-optic-cable-lock-st","status":"publish","type":"product","link":"https:\/\/smartkeeper.sk\/cs\/produkt\/fiber-optic-cable-lock-st\/","title":{"rendered":"Fiber Optic Cable Lock ST"},"content":{"rendered":"<p data-path-to-node=\"1\"><b data-path-to-node=\"1\" data-index-in-node=\"0\">Ochrana optick\u00e9ho kabelu typu ST.<\/b> Z\u00e1mek <b data-path-to-node=\"1\" data-index-in-node=\"40\">Fiber Optic ST Cable Lock<\/b> uzamkne p\u0159ipojen\u00e9 optick\u00e9 kabely typu ST (Straight Tip), aby se zabr\u00e1nilo neopr\u00e1vn\u011bn\u00e9mu odpojen\u00ed \/ vyta\u017een\u00ed optick\u00e9ho kabelu a p\u0159eru\u0161en\u00ed komunikace. Z\u00e1mek rovn\u011b\u017e zabr\u00e1n\u00ed nahrazen\u00ed p\u016fvodn\u00edho optick\u00e9ho kabelu nov\u00fdm neautorizovan\u00fdm optick\u00fdm kabelem. Rychl\u00e1 a snadn\u00e1 instalace kl\u00ed\u010dem <a href=\"https:\/\/smartkeeper.sk\/cs\/produkt\/pro-port-lock-key\/\"><b data-path-to-node=\"1\" data-index-in-node=\"346\">Professional Port Lock Key<\/b><\/a> (kl\u00ed\u010d je kompatibiln\u00ed s jin\u00fdmi produkty SmartKeeper).<\/p>\n<p data-path-to-node=\"1\">\n<p data-path-to-node=\"2\">Tento zbo\u017e\u00ed je vyr\u00e1b\u011bno na m\u00edru pro ka\u017ed\u00e9ho z\u00e1kazn\u00edka individu\u00e1ln\u011b. Pro cenovou nab\u00eddku n\u00e1m napi\u0161te na <a href=\"mailto:info@smartkeeper.sk\"><b data-path-to-node=\"2\" data-index-in-node=\"103\">info@smartkeeper.sk<\/b><\/a> nebo vyu\u017eijte n\u00e1\u0161 <a href=\"https:\/\/smartkeeper.sk\/cs\/produkt\/fiber-optic-cable-lock-st\/#kontakt\"><b data-path-to-node=\"2\" data-index-in-node=\"141\">kontaktn\u00ed formul\u00e1\u0159<\/b><\/a> na spodku str\u00e1nky.<\/p>\n","protected":false},"excerpt":{"rendered":"<p data-path-to-node=\"1\"><b data-path-to-node=\"1\" data-index-in-node=\"0\">Ochrana optick\u00e9ho kabelu typu ST.<\/b> Z\u00e1mek <b data-path-to-node=\"1\" data-index-in-node=\"40\">Fiber Optic ST Cable Lock<\/b> uzamkne p\u0159ipojen\u00e9 optick\u00e9 kabely typu ST (Straight Tip), aby se zabr\u00e1nilo neopr\u00e1vn\u011bn\u00e9mu odpojen\u00ed \/ vyta\u017een\u00ed optick\u00e9ho kabelu a p\u0159eru\u0161en\u00ed komunikace. Z\u00e1mek rovn\u011b\u017e zabr\u00e1n\u00ed nahrazen\u00ed p\u016fvodn\u00edho optick\u00e9ho kabelu nov\u00fdm neautorizovan\u00fdm optick\u00fdm kabelem. Rychl\u00e1 a snadn\u00e1 instalace kl\u00ed\u010dem <a href=\"https:\/\/smartkeeper.sk\/cs\/produkt\/pro-port-lock-key\/\"><b data-path-to-node=\"1\" data-index-in-node=\"346\">Professional Port Lock Key<\/b><\/a> (kl\u00ed\u010d je kompatibiln\u00ed s jin\u00fdmi produkty <strong><a href=\"https:\/\/smartkeeper.sk\/cs\/professional\/\">SmartKeeper Professional<\/a><\/strong>).<\/p>\n<p data-path-to-node=\"1\">\n<p data-path-to-node=\"2\">Tento zbo\u017e\u00ed je vyr\u00e1b\u011bno na m\u00edru pro ka\u017ed\u00e9ho z\u00e1kazn\u00edka individu\u00e1ln\u011b. Pro cenovou nab\u00eddku n\u00e1m napi\u0161te na <a href=\"mailto:info@smartkeeper.sk\"><b data-path-to-node=\"2\" data-index-in-node=\"103\">info@smartkeeper.sk<\/b><\/a> nebo vyu\u017eijte n\u00e1\u0161 <a href=\"https:\/\/smartkeeper.sk\/cs\/produkt\/fiber-optic-cable-lock-st\/#kontakt\"><b data-path-to-node=\"2\" data-index-in-node=\"141\">kontaktn\u00ed formul\u00e1\u0159<\/b><\/a> na spodku str\u00e1nky.<\/p>\n","protected":false},"featured_media":33545,"template":"","meta":{"ocean_post_layout":"","ocean_both_sidebars_style":"","ocean_both_sidebars_content_width":0,"ocean_both_sidebars_sidebars_width":0,"ocean_sidebar":"0","ocean_second_sidebar":"0","ocean_disable_margins":"enable","ocean_add_body_class":"","ocean_shortcode_before_top_bar":"","ocean_shortcode_after_top_bar":"","ocean_shortcode_before_header":"","ocean_shortcode_after_header":"","ocean_has_shortcode":"","ocean_shortcode_after_title":"","ocean_shortcode_before_footer_widgets":"","ocean_shortcode_after_footer_widgets":"","ocean_shortcode_before_footer_bottom":"","ocean_shortcode_after_footer_bottom":"","ocean_display_top_bar":"default","ocean_display_header":"default","ocean_header_style":"","ocean_center_header_left_menu":"0","ocean_custom_header_template":"0","ocean_custom_logo":0,"ocean_custom_retina_logo":0,"ocean_custom_logo_max_width":0,"ocean_custom_logo_tablet_max_width":0,"ocean_custom_logo_mobile_max_width":0,"ocean_custom_logo_max_height":0,"ocean_custom_logo_tablet_max_height":0,"ocean_custom_logo_mobile_max_height":0,"ocean_header_custom_menu":"0","ocean_menu_typo_font_family":"0","ocean_menu_typo_font_subset":"","ocean_menu_typo_font_size":0,"ocean_menu_typo_font_size_tablet":0,"ocean_menu_typo_font_size_mobile":0,"ocean_menu_typo_font_size_unit":"px","ocean_menu_typo_font_weight":"","ocean_menu_typo_font_weight_tablet":"","ocean_menu_typo_font_weight_mobile":"","ocean_menu_typo_transform":"","ocean_menu_typo_transform_tablet":"","ocean_menu_typo_transform_mobile":"","ocean_menu_typo_line_height":0,"ocean_menu_typo_line_height_tablet":0,"ocean_menu_typo_line_height_mobile":0,"ocean_menu_typo_line_height_unit":"","ocean_menu_typo_spacing":0,"ocean_menu_typo_spacing_tablet":0,"ocean_menu_typo_spacing_mobile":0,"ocean_menu_typo_spacing_unit":"","ocean_menu_link_color":"","ocean_menu_link_color_hover":"","ocean_menu_link_color_active":"","ocean_menu_link_background":"","ocean_menu_link_hover_background":"","ocean_menu_link_active_background":"","ocean_menu_social_links_bg":"","ocean_menu_social_hover_links_bg":"","ocean_menu_social_links_color":"","ocean_menu_social_hover_links_color":"","ocean_disable_title":"default","ocean_disable_heading":"default","ocean_post_title":"","ocean_post_subheading":"","ocean_post_title_style":"","ocean_post_title_background_color":"","ocean_post_title_background":0,"ocean_post_title_bg_image_position":"","ocean_post_title_bg_image_attachment":"","ocean_post_title_bg_image_repeat":"","ocean_post_title_bg_image_size":"","ocean_post_title_height":0,"ocean_post_title_bg_overlay":0.5,"ocean_post_title_bg_overlay_color":"","ocean_disable_breadcrumbs":"default","ocean_breadcrumbs_color":"","ocean_breadcrumbs_separator_color":"","ocean_breadcrumbs_links_color":"","ocean_breadcrumbs_links_hover_color":"","ocean_display_footer_widgets":"default","ocean_display_footer_bottom":"default","ocean_custom_footer_template":"0"},"product_brand":[],"product_cat":[60,126],"product_tag":[],"class_list":{"0":"post-33539","1":"product","2":"type-product","3":"status-publish","4":"has-post-thumbnail","6":"product_cat-network-security-cs","7":"product_cat-professional-cs","9":"entry","10":"has-media","12":"first","13":"instock","14":"taxable","15":"shipping-taxable","16":"product-type-simple","17":"has-product-nav","18":"col","19":"span_1_of_4","20":"owp-content-center","21":"owp-thumbs-layout-horizontal","22":"owp-btn-normal","23":"owp-tabs-layout-section"},"yoast_head":"<!-- This site is optimized with the Yoast SEO Premium plugin v27.4 (Yoast SEO v27.4) - https:\/\/yoast.com\/product\/yoast-seo-premium-wordpress\/ -->\n<title>Ochrana optick\u00e9ho kabelu ST | Fiber Optic Cable Lock ST<\/title>\n<meta name=\"description\" content=\"Zajist\u00ed p\u0159ipojen\u00fd optick\u00fd kabel ST (Straight Tip), aby se zabr\u00e1nilo neopr\u00e1vn\u011bn\u00e9mu odpojen\u00ed. Ochrana optick\u00e9ho kabelu ST (Straight Tip).\" \/>\n<meta name=\"robots\" content=\"index, follow, max-snippet:-1, max-image-preview:large, max-video-preview:-1\" \/>\n<link rel=\"canonical\" href=\"https:\/\/smartkeeper.sk\/cs\/produkt\/fiber-optic-cable-lock-st\/\" \/>\n<meta property=\"og:locale\" content=\"cs_CZ\" \/>\n<meta property=\"og:type\" content=\"article\" \/>\n<meta property=\"og:title\" content=\"Fiber Optic Cable Lock ST\" \/>\n<meta property=\"og:description\" content=\"Zajist\u00ed p\u0159ipojen\u00fd optick\u00fd kabel ST (Straight Tip), aby se zabr\u00e1nilo neopr\u00e1vn\u011bn\u00e9mu odpojen\u00ed. Ochrana optick\u00e9ho kabelu ST (Straight Tip).\" \/>\n<meta property=\"og:url\" content=\"https:\/\/smartkeeper.sk\/cs\/produkt\/fiber-optic-cable-lock-st\/\" \/>\n<meta property=\"og:site_name\" content=\"smartkeeper.sk\" \/>\n<meta property=\"article:publisher\" content=\"https:\/\/www.facebook.com\/SmartKeeperCEE\/\" \/>\n<meta property=\"article:modified_time\" content=\"2026-04-14T11:10:39+00:00\" \/>\n<meta property=\"og:image\" content=\"https:\/\/smartkeeper.sk\/wp-content\/uploads\/2026\/04\/Fiber-Optic-ST-Cable-Lock-1-1.jpg\" \/>\n\t<meta property=\"og:image:width\" content=\"1199\" \/>\n\t<meta property=\"og:image:height\" content=\"1804\" \/>\n\t<meta property=\"og:image:type\" content=\"image\/jpeg\" \/>\n<meta name=\"twitter:card\" content=\"summary_large_image\" \/>\n<meta name=\"twitter:label1\" content=\"Odhadovan\u00e1 doba \u010dten\u00ed\" \/>\n\t<meta name=\"twitter:data1\" content=\"1 minuta\" \/>\n<script type=\"application\/ld+json\" class=\"yoast-schema-graph\">{\"@context\":\"https:\\\/\\\/schema.org\",\"@graph\":[{\"@type\":\"WebPage\",\"@id\":\"https:\\\/\\\/smartkeeper.sk\\\/cs\\\/produkt\\\/fiber-optic-cable-lock-st\\\/\",\"url\":\"https:\\\/\\\/smartkeeper.sk\\\/cs\\\/produkt\\\/fiber-optic-cable-lock-st\\\/\",\"name\":\"Ochrana optick\u00e9ho kabelu ST | Fiber Optic Cable Lock ST\",\"isPartOf\":{\"@id\":\"https:\\\/\\\/smartkeeper.sk\\\/cs\\\/#website\"},\"primaryImageOfPage\":{\"@id\":\"https:\\\/\\\/smartkeeper.sk\\\/cs\\\/produkt\\\/fiber-optic-cable-lock-st\\\/#primaryimage\"},\"image\":{\"@id\":\"https:\\\/\\\/smartkeeper.sk\\\/cs\\\/produkt\\\/fiber-optic-cable-lock-st\\\/#primaryimage\"},\"thumbnailUrl\":\"https:\\\/\\\/smartkeeper.sk\\\/wp-content\\\/uploads\\\/2026\\\/04\\\/Fiber-Optic-ST-Cable-Lock-1-1.jpg\",\"datePublished\":\"2026-04-08T12:39:44+00:00\",\"dateModified\":\"2026-04-14T11:10:39+00:00\",\"description\":\"Zajist\u00ed p\u0159ipojen\u00fd optick\u00fd kabel ST (Straight Tip), aby se zabr\u00e1nilo neopr\u00e1vn\u011bn\u00e9mu odpojen\u00ed. Ochrana optick\u00e9ho kabelu ST (Straight Tip).\",\"breadcrumb\":{\"@id\":\"https:\\\/\\\/smartkeeper.sk\\\/cs\\\/produkt\\\/fiber-optic-cable-lock-st\\\/#breadcrumb\"},\"inLanguage\":\"cs\",\"potentialAction\":[{\"@type\":\"ReadAction\",\"target\":[\"https:\\\/\\\/smartkeeper.sk\\\/cs\\\/produkt\\\/fiber-optic-cable-lock-st\\\/\"]}]},{\"@type\":\"ImageObject\",\"inLanguage\":\"cs\",\"@id\":\"https:\\\/\\\/smartkeeper.sk\\\/cs\\\/produkt\\\/fiber-optic-cable-lock-st\\\/#primaryimage\",\"url\":\"https:\\\/\\\/smartkeeper.sk\\\/wp-content\\\/uploads\\\/2026\\\/04\\\/Fiber-Optic-ST-Cable-Lock-1-1.jpg\",\"contentUrl\":\"https:\\\/\\\/smartkeeper.sk\\\/wp-content\\\/uploads\\\/2026\\\/04\\\/Fiber-Optic-ST-Cable-Lock-1-1.jpg\",\"width\":1199,\"height\":1804,\"caption\":\"Fiber-Optic-ST-Cable-Lock\"},{\"@type\":\"BreadcrumbList\",\"@id\":\"https:\\\/\\\/smartkeeper.sk\\\/cs\\\/produkt\\\/fiber-optic-cable-lock-st\\\/#breadcrumb\",\"itemListElement\":[{\"@type\":\"ListItem\",\"position\":1,\"name\":\"Domovsk\u00e1 str\u00e1nka\",\"item\":\"https:\\\/\\\/smartkeeper.sk\\\/cs\\\/\"},{\"@type\":\"ListItem\",\"position\":2,\"name\":\"Shop\",\"item\":\"https:\\\/\\\/smartkeeper.sk\\\/cs\\\/shop\\\/\"},{\"@type\":\"ListItem\",\"position\":3,\"name\":\"Fiber Optic Cable Lock ST\"}]},{\"@type\":\"WebSite\",\"@id\":\"https:\\\/\\\/smartkeeper.sk\\\/cs\\\/#website\",\"url\":\"https:\\\/\\\/smartkeeper.sk\\\/cs\\\/\",\"name\":\"smartkeeper.sk\",\"description\":\"SmartKeeper - cybersecurity IT locks and devices\",\"publisher\":{\"@id\":\"https:\\\/\\\/smartkeeper.sk\\\/cs\\\/#organization\"},\"potentialAction\":[{\"@type\":\"SearchAction\",\"target\":{\"@type\":\"EntryPoint\",\"urlTemplate\":\"https:\\\/\\\/smartkeeper.sk\\\/cs\\\/?s={search_term_string}\"},\"query-input\":{\"@type\":\"PropertyValueSpecification\",\"valueRequired\":true,\"valueName\":\"search_term_string\"}}],\"inLanguage\":\"cs\"},{\"@type\":\"Organization\",\"@id\":\"https:\\\/\\\/smartkeeper.sk\\\/cs\\\/#organization\",\"name\":\"SmartKeeper\",\"url\":\"https:\\\/\\\/smartkeeper.sk\\\/cs\\\/\",\"logo\":{\"@type\":\"ImageObject\",\"inLanguage\":\"cs\",\"@id\":\"https:\\\/\\\/smartkeeper.sk\\\/cs\\\/#\\\/schema\\\/logo\\\/image\\\/\",\"url\":\"https:\\\/\\\/smartkeeper.sk\\\/wp-content\\\/uploads\\\/2022\\\/01\\\/smart-keeper-logo-white-200px-1.png\",\"contentUrl\":\"https:\\\/\\\/smartkeeper.sk\\\/wp-content\\\/uploads\\\/2022\\\/01\\\/smart-keeper-logo-white-200px-1.png\",\"width\":400,\"height\":219,\"caption\":\"SmartKeeper\"},\"image\":{\"@id\":\"https:\\\/\\\/smartkeeper.sk\\\/cs\\\/#\\\/schema\\\/logo\\\/image\\\/\"},\"sameAs\":[\"https:\\\/\\\/www.facebook.com\\\/SmartKeeperCEE\\\/\",\"https:\\\/\\\/sk.linkedin.com\\\/company\\\/smartkeeper-ce?trk=public_profile_experience-item_profile-section-card_image-click\"]}]}<\/script>\n<!-- \/ Yoast SEO Premium plugin. -->","yoast_head_json":{"title":"Ochrana optick\u00e9ho kabelu ST | Fiber Optic Cable Lock ST","description":"Zajist\u00ed p\u0159ipojen\u00fd optick\u00fd kabel ST (Straight Tip), aby se zabr\u00e1nilo neopr\u00e1vn\u011bn\u00e9mu odpojen\u00ed. Ochrana optick\u00e9ho kabelu ST (Straight Tip).","robots":{"index":"index","follow":"follow","max-snippet":"max-snippet:-1","max-image-preview":"max-image-preview:large","max-video-preview":"max-video-preview:-1"},"canonical":"https:\/\/smartkeeper.sk\/cs\/produkt\/fiber-optic-cable-lock-st\/","og_locale":"cs_CZ","og_type":"article","og_title":"Fiber Optic Cable Lock ST","og_description":"Zajist\u00ed p\u0159ipojen\u00fd optick\u00fd kabel ST (Straight Tip), aby se zabr\u00e1nilo neopr\u00e1vn\u011bn\u00e9mu odpojen\u00ed. Ochrana optick\u00e9ho kabelu ST (Straight Tip).","og_url":"https:\/\/smartkeeper.sk\/cs\/produkt\/fiber-optic-cable-lock-st\/","og_site_name":"smartkeeper.sk","article_publisher":"https:\/\/www.facebook.com\/SmartKeeperCEE\/","article_modified_time":"2026-04-14T11:10:39+00:00","og_image":[{"width":1199,"height":1804,"url":"https:\/\/smartkeeper.sk\/wp-content\/uploads\/2026\/04\/Fiber-Optic-ST-Cable-Lock-1-1.jpg","type":"image\/jpeg"}],"twitter_card":"summary_large_image","twitter_misc":{"Odhadovan\u00e1 doba \u010dten\u00ed":"1 minuta"},"schema":{"@context":"https:\/\/schema.org","@graph":[{"@type":"WebPage","@id":"https:\/\/smartkeeper.sk\/cs\/produkt\/fiber-optic-cable-lock-st\/","url":"https:\/\/smartkeeper.sk\/cs\/produkt\/fiber-optic-cable-lock-st\/","name":"Ochrana optick\u00e9ho kabelu ST | Fiber Optic Cable Lock ST","isPartOf":{"@id":"https:\/\/smartkeeper.sk\/cs\/#website"},"primaryImageOfPage":{"@id":"https:\/\/smartkeeper.sk\/cs\/produkt\/fiber-optic-cable-lock-st\/#primaryimage"},"image":{"@id":"https:\/\/smartkeeper.sk\/cs\/produkt\/fiber-optic-cable-lock-st\/#primaryimage"},"thumbnailUrl":"https:\/\/smartkeeper.sk\/wp-content\/uploads\/2026\/04\/Fiber-Optic-ST-Cable-Lock-1-1.jpg","datePublished":"2026-04-08T12:39:44+00:00","dateModified":"2026-04-14T11:10:39+00:00","description":"Zajist\u00ed p\u0159ipojen\u00fd optick\u00fd kabel ST (Straight Tip), aby se zabr\u00e1nilo neopr\u00e1vn\u011bn\u00e9mu odpojen\u00ed. Ochrana optick\u00e9ho kabelu ST (Straight Tip).","breadcrumb":{"@id":"https:\/\/smartkeeper.sk\/cs\/produkt\/fiber-optic-cable-lock-st\/#breadcrumb"},"inLanguage":"cs","potentialAction":[{"@type":"ReadAction","target":["https:\/\/smartkeeper.sk\/cs\/produkt\/fiber-optic-cable-lock-st\/"]}]},{"@type":"ImageObject","inLanguage":"cs","@id":"https:\/\/smartkeeper.sk\/cs\/produkt\/fiber-optic-cable-lock-st\/#primaryimage","url":"https:\/\/smartkeeper.sk\/wp-content\/uploads\/2026\/04\/Fiber-Optic-ST-Cable-Lock-1-1.jpg","contentUrl":"https:\/\/smartkeeper.sk\/wp-content\/uploads\/2026\/04\/Fiber-Optic-ST-Cable-Lock-1-1.jpg","width":1199,"height":1804,"caption":"Fiber-Optic-ST-Cable-Lock"},{"@type":"BreadcrumbList","@id":"https:\/\/smartkeeper.sk\/cs\/produkt\/fiber-optic-cable-lock-st\/#breadcrumb","itemListElement":[{"@type":"ListItem","position":1,"name":"Domovsk\u00e1 str\u00e1nka","item":"https:\/\/smartkeeper.sk\/cs\/"},{"@type":"ListItem","position":2,"name":"Shop","item":"https:\/\/smartkeeper.sk\/cs\/shop\/"},{"@type":"ListItem","position":3,"name":"Fiber Optic Cable Lock ST"}]},{"@type":"WebSite","@id":"https:\/\/smartkeeper.sk\/cs\/#website","url":"https:\/\/smartkeeper.sk\/cs\/","name":"smartkeeper.sk","description":"SmartKeeper - cybersecurity IT locks and devices","publisher":{"@id":"https:\/\/smartkeeper.sk\/cs\/#organization"},"potentialAction":[{"@type":"SearchAction","target":{"@type":"EntryPoint","urlTemplate":"https:\/\/smartkeeper.sk\/cs\/?s={search_term_string}"},"query-input":{"@type":"PropertyValueSpecification","valueRequired":true,"valueName":"search_term_string"}}],"inLanguage":"cs"},{"@type":"Organization","@id":"https:\/\/smartkeeper.sk\/cs\/#organization","name":"SmartKeeper","url":"https:\/\/smartkeeper.sk\/cs\/","logo":{"@type":"ImageObject","inLanguage":"cs","@id":"https:\/\/smartkeeper.sk\/cs\/#\/schema\/logo\/image\/","url":"https:\/\/smartkeeper.sk\/wp-content\/uploads\/2022\/01\/smart-keeper-logo-white-200px-1.png","contentUrl":"https:\/\/smartkeeper.sk\/wp-content\/uploads\/2022\/01\/smart-keeper-logo-white-200px-1.png","width":400,"height":219,"caption":"SmartKeeper"},"image":{"@id":"https:\/\/smartkeeper.sk\/cs\/#\/schema\/logo\/image\/"},"sameAs":["https:\/\/www.facebook.com\/SmartKeeperCEE\/","https:\/\/sk.linkedin.com\/company\/smartkeeper-ce?trk=public_profile_experience-item_profile-section-card_image-click"]}]}},"jetpack_sharing_enabled":true,"_links":{"self":[{"href":"https:\/\/smartkeeper.sk\/cs\/wp-json\/wp\/v2\/product\/33539","targetHints":{"allow":["GET"]}}],"collection":[{"href":"https:\/\/smartkeeper.sk\/cs\/wp-json\/wp\/v2\/product"}],"about":[{"href":"https:\/\/smartkeeper.sk\/cs\/wp-json\/wp\/v2\/types\/product"}],"version-history":[{"count":1,"href":"https:\/\/smartkeeper.sk\/cs\/wp-json\/wp\/v2\/product\/33539\/revisions"}],"predecessor-version":[{"id":33710,"href":"https:\/\/smartkeeper.sk\/cs\/wp-json\/wp\/v2\/product\/33539\/revisions\/33710"}],"wp:featuredmedia":[{"embeddable":true,"href":"https:\/\/smartkeeper.sk\/cs\/wp-json\/wp\/v2\/media\/33545"}],"wp:attachment":[{"href":"https:\/\/smartkeeper.sk\/cs\/wp-json\/wp\/v2\/media?parent=33539"}],"wp:term":[{"taxonomy":"product_brand","embeddable":true,"href":"https:\/\/smartkeeper.sk\/cs\/wp-json\/wp\/v2\/product_brand?post=33539"},{"taxonomy":"product_cat","embeddable":true,"href":"https:\/\/smartkeeper.sk\/cs\/wp-json\/wp\/v2\/product_cat?post=33539"},{"taxonomy":"product_tag","embeddable":true,"href":"https:\/\/smartkeeper.sk\/cs\/wp-json\/wp\/v2\/product_tag?post=33539"}],"curies":[{"name":"wp","href":"https:\/\/api.w.org\/{rel}","templated":true}]}}