{"id":25007,"date":"2023-07-18T23:35:40","date_gmt":"2023-07-18T21:35:40","guid":{"rendered":"https:\/\/smartkeeper.sk\/?post_type=product&#038;p=25007"},"modified":"2026-04-15T09:42:05","modified_gmt":"2026-04-15T07:42:05","slug":"fiber-optic-cable-lock-lc-dual","status":"publish","type":"product","link":"https:\/\/smartkeeper.sk\/cs\/produkt\/fiber-optic-cable-lock-lc-dual\/","title":{"rendered":"Fiber Optic Cable Lock LC Dual"},"content":{"rendered":"<h2 data-path-to-node=\"16\">Profesion\u00e1ln\u00ed zabezpe\u010den\u00ed pro va\u0161e optick\u00e9 trasy<\/h2>\n<p data-path-to-node=\"17\"><b data-path-to-node=\"17\" data-index-in-node=\"0\">Ochrana optick\u00fdch kabel\u016f LC<\/b> p\u0159edstavuje nezbytn\u00fd bezpe\u010dnostn\u00ed prvek pro ka\u017edou modern\u00ed serverovnu, datov\u00e9 centrum nebo ve\u0159ejn\u011b p\u0159\u00edstupn\u00e9 s\u00ed\u0165ov\u00e9 rozvad\u011b\u010de. Tento mechanismus poskytuje spolehlivou fyzickou vrstvu zabezpe\u010den\u00ed va\u0161\u00ed s\u00ed\u0165ov\u00e9 infrastruktury.<\/p>\n<h3 data-path-to-node=\"18\">Prevence neopr\u00e1vn\u011bn\u00e9ho odpojen\u00ed kabel\u016f<\/h3>\n<p data-path-to-node=\"19\">Hlavn\u00edm p\u0159\u00ednosem tohoto \u0159e\u0161en\u00ed je <b data-path-to-node=\"19\" data-index-in-node=\"34\">omezen\u00ed vyta\u017een\u00ed p\u0159ipojen\u00fdch optick\u00fdch kabel\u016f z portu<\/b>. Po instalaci t\u00e9to ochrany nelze optick\u00e9 kabely typu LC ze za\u0159\u00edzen\u00ed voln\u011b odstranit, \u010d\u00edm\u017e \u00fa\u010dinn\u011b p\u0159edch\u00e1z\u00edte:<\/p>\n<ul data-path-to-node=\"20\">\n<li>\n<p data-path-to-node=\"20,0,0\"><b data-path-to-node=\"20,0,0\" data-index-in-node=\"0\">N\u00e1hodn\u00e9mu odpojen\u00ed<\/b> b\u011bhem manipulace v hust\u011b osazen\u00fdch panelech.<\/p>\n<\/li>\n<li>\n<p data-path-to-node=\"20,1,0\"><b data-path-to-node=\"20,1,0\" data-index-in-node=\"0\">C\u00edlen\u00e9mu p\u0159eru\u0161en\u00ed konektivity<\/b> (vandalismus \u010di sabot\u00e1\u017e).<\/p>\n<\/li>\n<li>\n<p data-path-to-node=\"20,2,0\"><b data-path-to-node=\"20,2,0\" data-index-in-node=\"0\">V\u00fdpadk\u016fm kritick\u00fdch syst\u00e9m\u016f<\/b> zp\u016fsoben\u00fdch lidskou chybou.<\/p>\n<\/li>\n<\/ul>\n<h3 data-path-to-node=\"21\">Snadn\u00e1 instalace a vysok\u00e1 odolnost<\/h3>\n<p data-path-to-node=\"22\">Tento bezpe\u010dnostn\u00ed prvek je pln\u011b kompatibiln\u00ed se standardn\u00edmi LC duplex i simplex porty na switch\u00edch, routerech a optick\u00fdch van\u00e1ch. D\u00edky sv\u00e9 konstrukci zaji\u0161\u0165uje, \u017ee kabel z\u016fstane pevn\u011b zaji\u0161t\u011bn a\u017e do okam\u017eiku autorizovan\u00e9ho servisn\u00edho z\u00e1sahu.<\/p>\n<p>&nbsp;<\/p>\n<p>Toto zbo\u017e\u00ed je vyr\u00e1b\u011bno na m\u00edru pro ka\u017ed\u00e9ho z\u00e1kazn\u00edka individu\u00e1ln\u011b. Pro cenovou nab\u00eddku n\u00e1m napi\u0161te na\u00a0<strong>info@smartkeeper.sk<\/strong>\u00a0nebo vyu\u017eijte n\u00e1\u0161\u00a0<strong><a class=\"__mPS2id\" href=\"https:\/\/smartkeeper.sk\/cs\/produkt\/pro-port-lock-key\/#kontakt\">kontaktn\u00ed formul\u00e1\u0159<\/a><\/strong>\u00a0na spodku str\u00e1nky.<\/p>\n<div id=\"gtx-trans\" style=\"position: absolute; left: 61px; top: 168px;\">\n<div class=\"gtx-trans-icon\"><\/div>\n<\/div>\n","protected":false},"excerpt":{"rendered":"<p><span data-sheets-value=\"{&quot;1&quot;:2,&quot;2&quot;:&quot;Fyzik\u00e1ln\u00ed za\u0159\u00edzen\u00ed kybernetick\u00e9 bezpe\u010dnosti, kter\u00e9 zabra\u0148uje neopr\u00e1vn\u011bn\u00e9mu odstran\u011bn\u00ed p\u0159ipojen\u00e9ho optick\u00e9ho kabelu z SFP port\u016f (LC Dual). Z\u00e1mek pro uzam\u010den\u00ed p\u0159ipojen\u00e9ho za\u0159\u00edzen\u00ed v optick\u00e9m portu SFP. Spr\u00e1va a kontrola pou\u017e\u00edv\u00e1n\u00ed jak\u00e9hokoli za\u0159\u00edzen\u00ed s konektorem LC Dual. Zabra\u0148uje neopr\u00e1vn\u011bn\u00e9mu odstran\u011bn\u00ed p\u0159ipojen\u00fdch optick\u00fdch za\u0159\u00edzen\u00ed bez kl\u00ed\u010de.&quot;}\" data-sheets-userformat=\"{&quot;2&quot;:2945,&quot;3&quot;:{&quot;1&quot;:0},&quot;10&quot;:0,&quot;11&quot;:4,&quot;12&quot;:0,&quot;14&quot;:{&quot;1&quot;:3,&quot;3&quot;:6}}\">Hlavn\u00edm p\u0159\u00ednosem Fiber Optic Cable Lock LC Dual je <b data-path-to-node=\"19\" data-index-in-node=\"34\">omezen\u00ed vyta\u017een\u00ed p\u0159ipojen\u00fdch optick\u00fdch kabel\u016f z portu<\/b>. Po instalaci t\u00e9to ochrany nelze optick\u00e9 kabely typu LC ze za\u0159\u00edzen\u00ed voln\u011b odstranit.<\/span><\/p>\n<p>&nbsp;<\/p>\n<p>Toto zbo\u017e\u00ed je vyr\u00e1b\u011bno na m\u00edru pro ka\u017ed\u00e9ho z\u00e1kazn\u00edka individu\u00e1ln\u011b. Pro cenovou nab\u00eddku n\u00e1m napi\u0161te na\u00a0<strong>info@smartkeeper.sk<\/strong>\u00a0nebo vyu\u017eijte n\u00e1\u0161\u00a0<strong><a class=\"__mPS2id\" href=\"https:\/\/smartkeeper.sk\/cs\/produkt\/pro-port-lock-key\/#kontakt\">kontaktn\u00ed formul\u00e1\u0159<\/a><\/strong>\u00a0na spodku str\u00e1nky.<\/p>\n","protected":false},"featured_media":25014,"template":"","meta":{"ocean_post_layout":"","ocean_both_sidebars_style":"","ocean_both_sidebars_content_width":0,"ocean_both_sidebars_sidebars_width":0,"ocean_sidebar":"0","ocean_second_sidebar":"0","ocean_disable_margins":"enable","ocean_add_body_class":"","ocean_shortcode_before_top_bar":"","ocean_shortcode_after_top_bar":"","ocean_shortcode_before_header":"","ocean_shortcode_after_header":"","ocean_has_shortcode":"","ocean_shortcode_after_title":"","ocean_shortcode_before_footer_widgets":"","ocean_shortcode_after_footer_widgets":"","ocean_shortcode_before_footer_bottom":"","ocean_shortcode_after_footer_bottom":"","ocean_display_top_bar":"default","ocean_display_header":"default","ocean_header_style":"","ocean_center_header_left_menu":"0","ocean_custom_header_template":"0","ocean_custom_logo":0,"ocean_custom_retina_logo":0,"ocean_custom_logo_max_width":0,"ocean_custom_logo_tablet_max_width":0,"ocean_custom_logo_mobile_max_width":0,"ocean_custom_logo_max_height":0,"ocean_custom_logo_tablet_max_height":0,"ocean_custom_logo_mobile_max_height":0,"ocean_header_custom_menu":"0","ocean_menu_typo_font_family":"0","ocean_menu_typo_font_subset":"","ocean_menu_typo_font_size":0,"ocean_menu_typo_font_size_tablet":0,"ocean_menu_typo_font_size_mobile":0,"ocean_menu_typo_font_size_unit":"px","ocean_menu_typo_font_weight":"","ocean_menu_typo_font_weight_tablet":"","ocean_menu_typo_font_weight_mobile":"","ocean_menu_typo_transform":"","ocean_menu_typo_transform_tablet":"","ocean_menu_typo_transform_mobile":"","ocean_menu_typo_line_height":0,"ocean_menu_typo_line_height_tablet":0,"ocean_menu_typo_line_height_mobile":0,"ocean_menu_typo_line_height_unit":"","ocean_menu_typo_spacing":0,"ocean_menu_typo_spacing_tablet":0,"ocean_menu_typo_spacing_mobile":0,"ocean_menu_typo_spacing_unit":"","ocean_menu_link_color":"","ocean_menu_link_color_hover":"","ocean_menu_link_color_active":"","ocean_menu_link_background":"","ocean_menu_link_hover_background":"","ocean_menu_link_active_background":"","ocean_menu_social_links_bg":"","ocean_menu_social_hover_links_bg":"","ocean_menu_social_links_color":"","ocean_menu_social_hover_links_color":"","ocean_disable_title":"default","ocean_disable_heading":"default","ocean_post_title":"","ocean_post_subheading":"","ocean_post_title_style":"","ocean_post_title_background_color":"","ocean_post_title_background":0,"ocean_post_title_bg_image_position":"","ocean_post_title_bg_image_attachment":"","ocean_post_title_bg_image_repeat":"","ocean_post_title_bg_image_size":"","ocean_post_title_height":0,"ocean_post_title_bg_overlay":0.5,"ocean_post_title_bg_overlay_color":"","ocean_disable_breadcrumbs":"default","ocean_breadcrumbs_color":"","ocean_breadcrumbs_separator_color":"","ocean_breadcrumbs_links_color":"","ocean_breadcrumbs_links_hover_color":"","ocean_display_footer_widgets":"default","ocean_display_footer_bottom":"default","ocean_custom_footer_template":"0"},"product_brand":[],"product_cat":[60,126],"product_tag":[381],"class_list":{"0":"post-25007","1":"product","2":"type-product","3":"status-publish","4":"has-post-thumbnail","6":"product_cat-network-security-cs","7":"product_cat-professional-cs","8":"product_tag-smartkeeper-cs","10":"entry","11":"has-media","13":"first","14":"instock","15":"taxable","16":"shipping-taxable","17":"product-type-simple","18":"has-product-nav","19":"col","20":"span_1_of_4","21":"owp-content-center","22":"owp-thumbs-layout-horizontal","23":"owp-btn-normal","24":"owp-tabs-layout-section","25":"has-no-thumbnails"},"yoast_head":"<!-- This site is optimized with the Yoast SEO Premium plugin v27.4 (Yoast SEO v27.4) - https:\/\/yoast.com\/product\/yoast-seo-premium-wordpress\/ -->\n<title>Ochrana optick\u00fdch kabel\u016f LC | Zabezpe\u010den\u00ed proti odpojen\u00ed<\/title>\n<meta name=\"description\" content=\"Zabezpe\u010dte svou s\u00ed\u0165. Ochrana optick\u00fdch kabel\u016f LC zabra\u0148uje neopr\u00e1vn\u011bn\u00e9mu vyta\u017een\u00ed kabelu z portu. Ide\u00e1ln\u00ed pro datov\u00e1 centra a stabilitu p\u0159ipojen\u00ed.\" \/>\n<meta name=\"robots\" content=\"index, follow, max-snippet:-1, max-image-preview:large, max-video-preview:-1\" \/>\n<link rel=\"canonical\" href=\"https:\/\/smartkeeper.sk\/cs\/produkt\/fiber-optic-cable-lock-lc-dual\/\" \/>\n<meta property=\"og:locale\" content=\"cs_CZ\" \/>\n<meta property=\"og:type\" content=\"article\" \/>\n<meta property=\"og:title\" content=\"Fiber Optic Cable Lock LC Dual\" \/>\n<meta property=\"og:description\" content=\"Zabezpe\u010dte svou s\u00ed\u0165. Ochrana optick\u00fdch kabel\u016f LC zabra\u0148uje neopr\u00e1vn\u011bn\u00e9mu vyta\u017een\u00ed kabelu z portu. Ide\u00e1ln\u00ed pro datov\u00e1 centra a stabilitu p\u0159ipojen\u00ed.\" \/>\n<meta property=\"og:url\" content=\"https:\/\/smartkeeper.sk\/cs\/produkt\/fiber-optic-cable-lock-lc-dual\/\" \/>\n<meta property=\"og:site_name\" content=\"smartkeeper.sk\" \/>\n<meta property=\"article:publisher\" content=\"https:\/\/www.facebook.com\/SmartKeeperCEE\/\" \/>\n<meta property=\"article:modified_time\" content=\"2026-04-15T07:42:05+00:00\" \/>\n<meta property=\"og:image\" content=\"https:\/\/smartkeeper.sk\/wp-content\/uploads\/2023\/07\/CSK-FOC10Dl_Perspective-2.jpg\" \/>\n\t<meta property=\"og:image:width\" content=\"1152\" \/>\n\t<meta property=\"og:image:height\" content=\"720\" \/>\n\t<meta property=\"og:image:type\" content=\"image\/jpeg\" \/>\n<meta name=\"twitter:card\" content=\"summary_large_image\" \/>\n<meta name=\"twitter:label1\" content=\"Odhadovan\u00e1 doba \u010dten\u00ed\" \/>\n\t<meta name=\"twitter:data1\" content=\"2 minuty\" \/>\n<script type=\"application\/ld+json\" class=\"yoast-schema-graph\">{\"@context\":\"https:\\\/\\\/schema.org\",\"@graph\":[{\"@type\":\"WebPage\",\"@id\":\"https:\\\/\\\/smartkeeper.sk\\\/cs\\\/produkt\\\/fiber-optic-cable-lock-lc-dual\\\/\",\"url\":\"https:\\\/\\\/smartkeeper.sk\\\/cs\\\/produkt\\\/fiber-optic-cable-lock-lc-dual\\\/\",\"name\":\"Ochrana optick\u00fdch kabel\u016f LC | Zabezpe\u010den\u00ed proti odpojen\u00ed\",\"isPartOf\":{\"@id\":\"https:\\\/\\\/smartkeeper.sk\\\/cs\\\/#website\"},\"primaryImageOfPage\":{\"@id\":\"https:\\\/\\\/smartkeeper.sk\\\/cs\\\/produkt\\\/fiber-optic-cable-lock-lc-dual\\\/#primaryimage\"},\"image\":{\"@id\":\"https:\\\/\\\/smartkeeper.sk\\\/cs\\\/produkt\\\/fiber-optic-cable-lock-lc-dual\\\/#primaryimage\"},\"thumbnailUrl\":\"https:\\\/\\\/smartkeeper.sk\\\/wp-content\\\/uploads\\\/2023\\\/07\\\/CSK-FOC10Dl_Perspective-2.jpg\",\"datePublished\":\"2023-07-18T21:35:40+00:00\",\"dateModified\":\"2026-04-15T07:42:05+00:00\",\"description\":\"Zabezpe\u010dte svou s\u00ed\u0165. Ochrana optick\u00fdch kabel\u016f LC zabra\u0148uje neopr\u00e1vn\u011bn\u00e9mu vyta\u017een\u00ed kabelu z portu. Ide\u00e1ln\u00ed pro datov\u00e1 centra a stabilitu p\u0159ipojen\u00ed.\",\"breadcrumb\":{\"@id\":\"https:\\\/\\\/smartkeeper.sk\\\/cs\\\/produkt\\\/fiber-optic-cable-lock-lc-dual\\\/#breadcrumb\"},\"inLanguage\":\"cs\",\"potentialAction\":[{\"@type\":\"ReadAction\",\"target\":[\"https:\\\/\\\/smartkeeper.sk\\\/cs\\\/produkt\\\/fiber-optic-cable-lock-lc-dual\\\/\"]}]},{\"@type\":\"ImageObject\",\"inLanguage\":\"cs\",\"@id\":\"https:\\\/\\\/smartkeeper.sk\\\/cs\\\/produkt\\\/fiber-optic-cable-lock-lc-dual\\\/#primaryimage\",\"url\":\"https:\\\/\\\/smartkeeper.sk\\\/wp-content\\\/uploads\\\/2023\\\/07\\\/CSK-FOC10Dl_Perspective-2.jpg\",\"contentUrl\":\"https:\\\/\\\/smartkeeper.sk\\\/wp-content\\\/uploads\\\/2023\\\/07\\\/CSK-FOC10Dl_Perspective-2.jpg\",\"width\":1152,\"height\":720},{\"@type\":\"BreadcrumbList\",\"@id\":\"https:\\\/\\\/smartkeeper.sk\\\/cs\\\/produkt\\\/fiber-optic-cable-lock-lc-dual\\\/#breadcrumb\",\"itemListElement\":[{\"@type\":\"ListItem\",\"position\":1,\"name\":\"Domovsk\u00e1 str\u00e1nka\",\"item\":\"https:\\\/\\\/smartkeeper.sk\\\/cs\\\/\"},{\"@type\":\"ListItem\",\"position\":2,\"name\":\"Shop\",\"item\":\"https:\\\/\\\/smartkeeper.sk\\\/cs\\\/shop\\\/\"},{\"@type\":\"ListItem\",\"position\":3,\"name\":\"Fiber Optic Cable Lock LC Dual\"}]},{\"@type\":\"WebSite\",\"@id\":\"https:\\\/\\\/smartkeeper.sk\\\/cs\\\/#website\",\"url\":\"https:\\\/\\\/smartkeeper.sk\\\/cs\\\/\",\"name\":\"smartkeeper.sk\",\"description\":\"SmartKeeper - cybersecurity IT locks and devices\",\"publisher\":{\"@id\":\"https:\\\/\\\/smartkeeper.sk\\\/cs\\\/#organization\"},\"potentialAction\":[{\"@type\":\"SearchAction\",\"target\":{\"@type\":\"EntryPoint\",\"urlTemplate\":\"https:\\\/\\\/smartkeeper.sk\\\/cs\\\/?s={search_term_string}\"},\"query-input\":{\"@type\":\"PropertyValueSpecification\",\"valueRequired\":true,\"valueName\":\"search_term_string\"}}],\"inLanguage\":\"cs\"},{\"@type\":\"Organization\",\"@id\":\"https:\\\/\\\/smartkeeper.sk\\\/cs\\\/#organization\",\"name\":\"SmartKeeper\",\"url\":\"https:\\\/\\\/smartkeeper.sk\\\/cs\\\/\",\"logo\":{\"@type\":\"ImageObject\",\"inLanguage\":\"cs\",\"@id\":\"https:\\\/\\\/smartkeeper.sk\\\/cs\\\/#\\\/schema\\\/logo\\\/image\\\/\",\"url\":\"https:\\\/\\\/smartkeeper.sk\\\/wp-content\\\/uploads\\\/2022\\\/01\\\/smart-keeper-logo-white-200px-1.png\",\"contentUrl\":\"https:\\\/\\\/smartkeeper.sk\\\/wp-content\\\/uploads\\\/2022\\\/01\\\/smart-keeper-logo-white-200px-1.png\",\"width\":400,\"height\":219,\"caption\":\"SmartKeeper\"},\"image\":{\"@id\":\"https:\\\/\\\/smartkeeper.sk\\\/cs\\\/#\\\/schema\\\/logo\\\/image\\\/\"},\"sameAs\":[\"https:\\\/\\\/www.facebook.com\\\/SmartKeeperCEE\\\/\",\"https:\\\/\\\/sk.linkedin.com\\\/company\\\/smartkeeper-ce?trk=public_profile_experience-item_profile-section-card_image-click\"]}]}<\/script>\n<!-- \/ Yoast SEO Premium plugin. -->","yoast_head_json":{"title":"Ochrana optick\u00fdch kabel\u016f LC | Zabezpe\u010den\u00ed proti odpojen\u00ed","description":"Zabezpe\u010dte svou s\u00ed\u0165. Ochrana optick\u00fdch kabel\u016f LC zabra\u0148uje neopr\u00e1vn\u011bn\u00e9mu vyta\u017een\u00ed kabelu z portu. Ide\u00e1ln\u00ed pro datov\u00e1 centra a stabilitu p\u0159ipojen\u00ed.","robots":{"index":"index","follow":"follow","max-snippet":"max-snippet:-1","max-image-preview":"max-image-preview:large","max-video-preview":"max-video-preview:-1"},"canonical":"https:\/\/smartkeeper.sk\/cs\/produkt\/fiber-optic-cable-lock-lc-dual\/","og_locale":"cs_CZ","og_type":"article","og_title":"Fiber Optic Cable Lock LC Dual","og_description":"Zabezpe\u010dte svou s\u00ed\u0165. Ochrana optick\u00fdch kabel\u016f LC zabra\u0148uje neopr\u00e1vn\u011bn\u00e9mu vyta\u017een\u00ed kabelu z portu. Ide\u00e1ln\u00ed pro datov\u00e1 centra a stabilitu p\u0159ipojen\u00ed.","og_url":"https:\/\/smartkeeper.sk\/cs\/produkt\/fiber-optic-cable-lock-lc-dual\/","og_site_name":"smartkeeper.sk","article_publisher":"https:\/\/www.facebook.com\/SmartKeeperCEE\/","article_modified_time":"2026-04-15T07:42:05+00:00","og_image":[{"width":1152,"height":720,"url":"https:\/\/smartkeeper.sk\/wp-content\/uploads\/2023\/07\/CSK-FOC10Dl_Perspective-2.jpg","type":"image\/jpeg"}],"twitter_card":"summary_large_image","twitter_misc":{"Odhadovan\u00e1 doba \u010dten\u00ed":"2 minuty"},"schema":{"@context":"https:\/\/schema.org","@graph":[{"@type":"WebPage","@id":"https:\/\/smartkeeper.sk\/cs\/produkt\/fiber-optic-cable-lock-lc-dual\/","url":"https:\/\/smartkeeper.sk\/cs\/produkt\/fiber-optic-cable-lock-lc-dual\/","name":"Ochrana optick\u00fdch kabel\u016f LC | Zabezpe\u010den\u00ed proti odpojen\u00ed","isPartOf":{"@id":"https:\/\/smartkeeper.sk\/cs\/#website"},"primaryImageOfPage":{"@id":"https:\/\/smartkeeper.sk\/cs\/produkt\/fiber-optic-cable-lock-lc-dual\/#primaryimage"},"image":{"@id":"https:\/\/smartkeeper.sk\/cs\/produkt\/fiber-optic-cable-lock-lc-dual\/#primaryimage"},"thumbnailUrl":"https:\/\/smartkeeper.sk\/wp-content\/uploads\/2023\/07\/CSK-FOC10Dl_Perspective-2.jpg","datePublished":"2023-07-18T21:35:40+00:00","dateModified":"2026-04-15T07:42:05+00:00","description":"Zabezpe\u010dte svou s\u00ed\u0165. Ochrana optick\u00fdch kabel\u016f LC zabra\u0148uje neopr\u00e1vn\u011bn\u00e9mu vyta\u017een\u00ed kabelu z portu. Ide\u00e1ln\u00ed pro datov\u00e1 centra a stabilitu p\u0159ipojen\u00ed.","breadcrumb":{"@id":"https:\/\/smartkeeper.sk\/cs\/produkt\/fiber-optic-cable-lock-lc-dual\/#breadcrumb"},"inLanguage":"cs","potentialAction":[{"@type":"ReadAction","target":["https:\/\/smartkeeper.sk\/cs\/produkt\/fiber-optic-cable-lock-lc-dual\/"]}]},{"@type":"ImageObject","inLanguage":"cs","@id":"https:\/\/smartkeeper.sk\/cs\/produkt\/fiber-optic-cable-lock-lc-dual\/#primaryimage","url":"https:\/\/smartkeeper.sk\/wp-content\/uploads\/2023\/07\/CSK-FOC10Dl_Perspective-2.jpg","contentUrl":"https:\/\/smartkeeper.sk\/wp-content\/uploads\/2023\/07\/CSK-FOC10Dl_Perspective-2.jpg","width":1152,"height":720},{"@type":"BreadcrumbList","@id":"https:\/\/smartkeeper.sk\/cs\/produkt\/fiber-optic-cable-lock-lc-dual\/#breadcrumb","itemListElement":[{"@type":"ListItem","position":1,"name":"Domovsk\u00e1 str\u00e1nka","item":"https:\/\/smartkeeper.sk\/cs\/"},{"@type":"ListItem","position":2,"name":"Shop","item":"https:\/\/smartkeeper.sk\/cs\/shop\/"},{"@type":"ListItem","position":3,"name":"Fiber Optic Cable Lock LC Dual"}]},{"@type":"WebSite","@id":"https:\/\/smartkeeper.sk\/cs\/#website","url":"https:\/\/smartkeeper.sk\/cs\/","name":"smartkeeper.sk","description":"SmartKeeper - cybersecurity IT locks and devices","publisher":{"@id":"https:\/\/smartkeeper.sk\/cs\/#organization"},"potentialAction":[{"@type":"SearchAction","target":{"@type":"EntryPoint","urlTemplate":"https:\/\/smartkeeper.sk\/cs\/?s={search_term_string}"},"query-input":{"@type":"PropertyValueSpecification","valueRequired":true,"valueName":"search_term_string"}}],"inLanguage":"cs"},{"@type":"Organization","@id":"https:\/\/smartkeeper.sk\/cs\/#organization","name":"SmartKeeper","url":"https:\/\/smartkeeper.sk\/cs\/","logo":{"@type":"ImageObject","inLanguage":"cs","@id":"https:\/\/smartkeeper.sk\/cs\/#\/schema\/logo\/image\/","url":"https:\/\/smartkeeper.sk\/wp-content\/uploads\/2022\/01\/smart-keeper-logo-white-200px-1.png","contentUrl":"https:\/\/smartkeeper.sk\/wp-content\/uploads\/2022\/01\/smart-keeper-logo-white-200px-1.png","width":400,"height":219,"caption":"SmartKeeper"},"image":{"@id":"https:\/\/smartkeeper.sk\/cs\/#\/schema\/logo\/image\/"},"sameAs":["https:\/\/www.facebook.com\/SmartKeeperCEE\/","https:\/\/sk.linkedin.com\/company\/smartkeeper-ce?trk=public_profile_experience-item_profile-section-card_image-click"]}]}},"jetpack_sharing_enabled":true,"_links":{"self":[{"href":"https:\/\/smartkeeper.sk\/cs\/wp-json\/wp\/v2\/product\/25007","targetHints":{"allow":["GET"]}}],"collection":[{"href":"https:\/\/smartkeeper.sk\/cs\/wp-json\/wp\/v2\/product"}],"about":[{"href":"https:\/\/smartkeeper.sk\/cs\/wp-json\/wp\/v2\/types\/product"}],"version-history":[{"count":4,"href":"https:\/\/smartkeeper.sk\/cs\/wp-json\/wp\/v2\/product\/25007\/revisions"}],"predecessor-version":[{"id":33745,"href":"https:\/\/smartkeeper.sk\/cs\/wp-json\/wp\/v2\/product\/25007\/revisions\/33745"}],"wp:featuredmedia":[{"embeddable":true,"href":"https:\/\/smartkeeper.sk\/cs\/wp-json\/wp\/v2\/media\/25014"}],"wp:attachment":[{"href":"https:\/\/smartkeeper.sk\/cs\/wp-json\/wp\/v2\/media?parent=25007"}],"wp:term":[{"taxonomy":"product_brand","embeddable":true,"href":"https:\/\/smartkeeper.sk\/cs\/wp-json\/wp\/v2\/product_brand?post=25007"},{"taxonomy":"product_cat","embeddable":true,"href":"https:\/\/smartkeeper.sk\/cs\/wp-json\/wp\/v2\/product_cat?post=25007"},{"taxonomy":"product_tag","embeddable":true,"href":"https:\/\/smartkeeper.sk\/cs\/wp-json\/wp\/v2\/product_tag?post=25007"}],"curies":[{"name":"wp","href":"https:\/\/api.w.org\/{rel}","templated":true}]}}