{"id":15117,"date":"2020-09-20T01:56:51","date_gmt":"2020-09-19T23:56:51","guid":{"rendered":"https:\/\/smartkeeper.sk\/?post_type=product&#038;p=15117"},"modified":"2023-01-19T22:34:23","modified_gmt":"2023-01-19T21:34:23","slug":"network-module-lock-8p-pro","status":"publish","type":"product","link":"https:\/\/smartkeeper.sk\/cs\/produkt\/network-module-lock-8p-pro\/","title":{"rendered":"Network Module Lock 8P"},"content":{"rendered":"","protected":false},"excerpt":{"rendered":"<p style=\"text-align: justify;\">Fixace s\u00ed\u0165ov\u00fdch kabel\u016f na s\u00ed\u0165ov\u00e9 porty, ani\u017e se LAN kabely vyt\u00e1hli. Fyzick\u00e9 znemo\u017en\u011bn\u00ed odstran\u011bn\u00ed vlo\u017een\u00e9ho s\u00ed\u0165ov\u00e9ho kabelu LAN ze server\u016f, sm\u011brova\u010d\u016f (router), p\u0159ep\u00edna\u010d\u016f (switch) nebo jin\u00e9ho s\u00ed\u0165ov\u00e9ho za\u0159\u00edzen\u00ed. Toto\u017en\u00e9 s produktem LAN Cable Lock.<\/p>\n<p>&nbsp;<\/p>\n<p>Toto zbo\u017e\u00ed je vyr\u00e1b\u011bno na m\u00edru pro ka\u017ed\u00e9ho z\u00e1kazn\u00edka individu\u00e1ln\u011b. Pro cenovou nab\u00eddku n\u00e1m napi\u0161te na\u00a0<strong>info@smartkeeper.sk<\/strong>\u00a0nebo vyu\u017eijte n\u00e1\u0161\u00a0<strong><a class=\"__mPS2id\" href=\"https:\/\/smartkeeper.sk\/cs\/produkt\/netrork-module-lock-8p-pro\/#kontakt\">kontaktn\u00ed formul\u00e1\u0159<\/a><\/strong>\u00a0na spodku str\u00e1nky.<\/p>\n","protected":false},"featured_media":9877,"template":"","meta":{"ocean_post_layout":"","ocean_both_sidebars_style":"","ocean_both_sidebars_content_width":0,"ocean_both_sidebars_sidebars_width":0,"ocean_sidebar":"0","ocean_second_sidebar":"0","ocean_disable_margins":"enable","ocean_add_body_class":"","ocean_shortcode_before_top_bar":"","ocean_shortcode_after_top_bar":"","ocean_shortcode_before_header":"","ocean_shortcode_after_header":"","ocean_has_shortcode":"","ocean_shortcode_after_title":"","ocean_shortcode_before_footer_widgets":"","ocean_shortcode_after_footer_widgets":"","ocean_shortcode_before_footer_bottom":"","ocean_shortcode_after_footer_bottom":"","ocean_display_top_bar":"default","ocean_display_header":"default","ocean_header_style":"","ocean_center_header_left_menu":"0","ocean_custom_header_template":"0","ocean_custom_logo":0,"ocean_custom_retina_logo":0,"ocean_custom_logo_max_width":0,"ocean_custom_logo_tablet_max_width":0,"ocean_custom_logo_mobile_max_width":0,"ocean_custom_logo_max_height":0,"ocean_custom_logo_tablet_max_height":0,"ocean_custom_logo_mobile_max_height":0,"ocean_header_custom_menu":"0","ocean_menu_typo_font_family":"0","ocean_menu_typo_font_subset":"","ocean_menu_typo_font_size":0,"ocean_menu_typo_font_size_tablet":0,"ocean_menu_typo_font_size_mobile":0,"ocean_menu_typo_font_size_unit":"px","ocean_menu_typo_font_weight":"","ocean_menu_typo_font_weight_tablet":"","ocean_menu_typo_font_weight_mobile":"","ocean_menu_typo_transform":"","ocean_menu_typo_transform_tablet":"","ocean_menu_typo_transform_mobile":"","ocean_menu_typo_line_height":0,"ocean_menu_typo_line_height_tablet":0,"ocean_menu_typo_line_height_mobile":0,"ocean_menu_typo_line_height_unit":"","ocean_menu_typo_spacing":0,"ocean_menu_typo_spacing_tablet":0,"ocean_menu_typo_spacing_mobile":0,"ocean_menu_typo_spacing_unit":"","ocean_menu_link_color":"","ocean_menu_link_color_hover":"","ocean_menu_link_color_active":"","ocean_menu_link_background":"","ocean_menu_link_hover_background":"","ocean_menu_link_active_background":"","ocean_menu_social_links_bg":"","ocean_menu_social_hover_links_bg":"","ocean_menu_social_links_color":"","ocean_menu_social_hover_links_color":"","ocean_disable_title":"default","ocean_disable_heading":"default","ocean_post_title":"","ocean_post_subheading":"","ocean_post_title_style":"","ocean_post_title_background_color":"","ocean_post_title_background":0,"ocean_post_title_bg_image_position":"","ocean_post_title_bg_image_attachment":"","ocean_post_title_bg_image_repeat":"","ocean_post_title_bg_image_size":"","ocean_post_title_height":0,"ocean_post_title_bg_overlay":0.5,"ocean_post_title_bg_overlay_color":"","ocean_disable_breadcrumbs":"default","ocean_breadcrumbs_color":"","ocean_breadcrumbs_separator_color":"","ocean_breadcrumbs_links_color":"","ocean_breadcrumbs_links_hover_color":"","ocean_display_footer_widgets":"default","ocean_display_footer_bottom":"default","ocean_custom_footer_template":"0"},"product_brand":[],"product_cat":[60,126],"product_tag":[381],"class_list":{"0":"post-15117","1":"product","2":"type-product","3":"status-publish","4":"has-post-thumbnail","6":"product_cat-network-security-cs","7":"product_cat-professional-cs","8":"product_tag-smartkeeper-cs","10":"entry","11":"has-media","13":"first","14":"instock","15":"taxable","16":"shipping-taxable","17":"product-type-simple","18":"has-product-nav","19":"col","20":"span_1_of_4","21":"owp-content-center","22":"owp-thumbs-layout-horizontal","23":"owp-btn-normal","24":"owp-tabs-layout-section"},"yoast_head":"<!-- This site is optimized with the Yoast SEO Premium plugin v27.4 (Yoast SEO v27.4) - https:\/\/yoast.com\/product\/yoast-seo-premium-wordpress\/ -->\n<title>Z\u00e1mek Network Module Lock 8, Smartkeeper Professional<\/title>\n<meta name=\"description\" content=\"Uzam\u010den\u00ed s\u00ed\u0165ov\u00fdch kabel\u016f na s\u00ed\u0165ov\u00e9 porty, ani\u017e se LAN kabely vyt\u00e1hli. Z\u00e1mek pro 8-portov\u00e9 za\u0159\u00edzen\u00ed.\" \/>\n<meta name=\"robots\" content=\"index, follow, max-snippet:-1, max-image-preview:large, max-video-preview:-1\" \/>\n<link rel=\"canonical\" href=\"https:\/\/smartkeeper.sk\/cs\/produkt\/network-module-lock-8p-pro\/\" \/>\n<meta property=\"og:locale\" content=\"cs_CZ\" \/>\n<meta property=\"og:type\" content=\"article\" \/>\n<meta property=\"og:title\" content=\"Network Module Lock 8P\" \/>\n<meta property=\"og:description\" content=\"Uzam\u010den\u00ed s\u00ed\u0165ov\u00fdch kabel\u016f na s\u00ed\u0165ov\u00e9 porty, ani\u017e se LAN kabely vyt\u00e1hli. Z\u00e1mek pro 8-portov\u00e9 za\u0159\u00edzen\u00ed.\" \/>\n<meta property=\"og:url\" content=\"https:\/\/smartkeeper.sk\/cs\/produkt\/network-module-lock-8p-pro\/\" \/>\n<meta property=\"og:site_name\" content=\"smartkeeper.sk\" \/>\n<meta property=\"article:publisher\" content=\"https:\/\/www.facebook.com\/SmartKeeperCEE\/\" \/>\n<meta property=\"article:modified_time\" content=\"2023-01-19T21:34:23+00:00\" \/>\n<meta property=\"og:image\" content=\"https:\/\/smartkeeper.sk\/wp-content\/uploads\/2020\/09\/Network-Module-Lock_8P_RD_Perpective-scaled-e1601316563759-1.jpg\" \/>\n\t<meta property=\"og:image:width\" content=\"1203\" \/>\n\t<meta property=\"og:image:height\" content=\"998\" \/>\n\t<meta property=\"og:image:type\" content=\"image\/jpeg\" \/>\n<meta name=\"twitter:card\" content=\"summary_large_image\" \/>\n<script type=\"application\/ld+json\" class=\"yoast-schema-graph\">{\"@context\":\"https:\\\/\\\/schema.org\",\"@graph\":[{\"@type\":\"WebPage\",\"@id\":\"https:\\\/\\\/smartkeeper.sk\\\/cs\\\/produkt\\\/network-module-lock-8p-pro\\\/\",\"url\":\"https:\\\/\\\/smartkeeper.sk\\\/cs\\\/produkt\\\/network-module-lock-8p-pro\\\/\",\"name\":\"Z\u00e1mek Network Module Lock 8, Smartkeeper Professional\",\"isPartOf\":{\"@id\":\"https:\\\/\\\/smartkeeper.sk\\\/cs\\\/#website\"},\"primaryImageOfPage\":{\"@id\":\"https:\\\/\\\/smartkeeper.sk\\\/cs\\\/produkt\\\/network-module-lock-8p-pro\\\/#primaryimage\"},\"image\":{\"@id\":\"https:\\\/\\\/smartkeeper.sk\\\/cs\\\/produkt\\\/network-module-lock-8p-pro\\\/#primaryimage\"},\"thumbnailUrl\":\"https:\\\/\\\/smartkeeper.sk\\\/wp-content\\\/uploads\\\/2020\\\/09\\\/Network-Module-Lock_8P_RD_Perpective-scaled-e1601316563759-1.jpg\",\"datePublished\":\"2020-09-19T23:56:51+00:00\",\"dateModified\":\"2023-01-19T21:34:23+00:00\",\"description\":\"Uzam\u010den\u00ed s\u00ed\u0165ov\u00fdch kabel\u016f na s\u00ed\u0165ov\u00e9 porty, ani\u017e se LAN kabely vyt\u00e1hli. Z\u00e1mek pro 8-portov\u00e9 za\u0159\u00edzen\u00ed.\",\"breadcrumb\":{\"@id\":\"https:\\\/\\\/smartkeeper.sk\\\/cs\\\/produkt\\\/network-module-lock-8p-pro\\\/#breadcrumb\"},\"inLanguage\":\"cs\",\"potentialAction\":[{\"@type\":\"ReadAction\",\"target\":[\"https:\\\/\\\/smartkeeper.sk\\\/cs\\\/produkt\\\/network-module-lock-8p-pro\\\/\"]}]},{\"@type\":\"ImageObject\",\"inLanguage\":\"cs\",\"@id\":\"https:\\\/\\\/smartkeeper.sk\\\/cs\\\/produkt\\\/network-module-lock-8p-pro\\\/#primaryimage\",\"url\":\"https:\\\/\\\/smartkeeper.sk\\\/wp-content\\\/uploads\\\/2020\\\/09\\\/Network-Module-Lock_8P_RD_Perpective-scaled-e1601316563759-1.jpg\",\"contentUrl\":\"https:\\\/\\\/smartkeeper.sk\\\/wp-content\\\/uploads\\\/2020\\\/09\\\/Network-Module-Lock_8P_RD_Perpective-scaled-e1601316563759-1.jpg\",\"width\":1203,\"height\":998},{\"@type\":\"BreadcrumbList\",\"@id\":\"https:\\\/\\\/smartkeeper.sk\\\/cs\\\/produkt\\\/network-module-lock-8p-pro\\\/#breadcrumb\",\"itemListElement\":[{\"@type\":\"ListItem\",\"position\":1,\"name\":\"Domovsk\u00e1 str\u00e1nka\",\"item\":\"https:\\\/\\\/smartkeeper.sk\\\/cs\\\/\"},{\"@type\":\"ListItem\",\"position\":2,\"name\":\"Shop\",\"item\":\"https:\\\/\\\/smartkeeper.sk\\\/cs\\\/shop\\\/\"},{\"@type\":\"ListItem\",\"position\":3,\"name\":\"Network Module Lock 8P\"}]},{\"@type\":\"WebSite\",\"@id\":\"https:\\\/\\\/smartkeeper.sk\\\/cs\\\/#website\",\"url\":\"https:\\\/\\\/smartkeeper.sk\\\/cs\\\/\",\"name\":\"smartkeeper.sk\",\"description\":\"SmartKeeper - cybersecurity IT locks and devices\",\"publisher\":{\"@id\":\"https:\\\/\\\/smartkeeper.sk\\\/cs\\\/#organization\"},\"potentialAction\":[{\"@type\":\"SearchAction\",\"target\":{\"@type\":\"EntryPoint\",\"urlTemplate\":\"https:\\\/\\\/smartkeeper.sk\\\/cs\\\/?s={search_term_string}\"},\"query-input\":{\"@type\":\"PropertyValueSpecification\",\"valueRequired\":true,\"valueName\":\"search_term_string\"}}],\"inLanguage\":\"cs\"},{\"@type\":\"Organization\",\"@id\":\"https:\\\/\\\/smartkeeper.sk\\\/cs\\\/#organization\",\"name\":\"SmartKeeper\",\"url\":\"https:\\\/\\\/smartkeeper.sk\\\/cs\\\/\",\"logo\":{\"@type\":\"ImageObject\",\"inLanguage\":\"cs\",\"@id\":\"https:\\\/\\\/smartkeeper.sk\\\/cs\\\/#\\\/schema\\\/logo\\\/image\\\/\",\"url\":\"https:\\\/\\\/smartkeeper.sk\\\/wp-content\\\/uploads\\\/2022\\\/01\\\/smart-keeper-logo-white-200px-1.png\",\"contentUrl\":\"https:\\\/\\\/smartkeeper.sk\\\/wp-content\\\/uploads\\\/2022\\\/01\\\/smart-keeper-logo-white-200px-1.png\",\"width\":400,\"height\":219,\"caption\":\"SmartKeeper\"},\"image\":{\"@id\":\"https:\\\/\\\/smartkeeper.sk\\\/cs\\\/#\\\/schema\\\/logo\\\/image\\\/\"},\"sameAs\":[\"https:\\\/\\\/www.facebook.com\\\/SmartKeeperCEE\\\/\",\"https:\\\/\\\/sk.linkedin.com\\\/company\\\/smartkeeper-ce?trk=public_profile_experience-item_profile-section-card_image-click\"]}]}<\/script>\n<!-- \/ Yoast SEO Premium plugin. -->","yoast_head_json":{"title":"Z\u00e1mek Network Module Lock 8, Smartkeeper Professional","description":"Uzam\u010den\u00ed s\u00ed\u0165ov\u00fdch kabel\u016f na s\u00ed\u0165ov\u00e9 porty, ani\u017e se LAN kabely vyt\u00e1hli. Z\u00e1mek pro 8-portov\u00e9 za\u0159\u00edzen\u00ed.","robots":{"index":"index","follow":"follow","max-snippet":"max-snippet:-1","max-image-preview":"max-image-preview:large","max-video-preview":"max-video-preview:-1"},"canonical":"https:\/\/smartkeeper.sk\/cs\/produkt\/network-module-lock-8p-pro\/","og_locale":"cs_CZ","og_type":"article","og_title":"Network Module Lock 8P","og_description":"Uzam\u010den\u00ed s\u00ed\u0165ov\u00fdch kabel\u016f na s\u00ed\u0165ov\u00e9 porty, ani\u017e se LAN kabely vyt\u00e1hli. Z\u00e1mek pro 8-portov\u00e9 za\u0159\u00edzen\u00ed.","og_url":"https:\/\/smartkeeper.sk\/cs\/produkt\/network-module-lock-8p-pro\/","og_site_name":"smartkeeper.sk","article_publisher":"https:\/\/www.facebook.com\/SmartKeeperCEE\/","article_modified_time":"2023-01-19T21:34:23+00:00","og_image":[{"width":1203,"height":998,"url":"https:\/\/smartkeeper.sk\/wp-content\/uploads\/2020\/09\/Network-Module-Lock_8P_RD_Perpective-scaled-e1601316563759-1.jpg","type":"image\/jpeg"}],"twitter_card":"summary_large_image","schema":{"@context":"https:\/\/schema.org","@graph":[{"@type":"WebPage","@id":"https:\/\/smartkeeper.sk\/cs\/produkt\/network-module-lock-8p-pro\/","url":"https:\/\/smartkeeper.sk\/cs\/produkt\/network-module-lock-8p-pro\/","name":"Z\u00e1mek Network Module Lock 8, Smartkeeper Professional","isPartOf":{"@id":"https:\/\/smartkeeper.sk\/cs\/#website"},"primaryImageOfPage":{"@id":"https:\/\/smartkeeper.sk\/cs\/produkt\/network-module-lock-8p-pro\/#primaryimage"},"image":{"@id":"https:\/\/smartkeeper.sk\/cs\/produkt\/network-module-lock-8p-pro\/#primaryimage"},"thumbnailUrl":"https:\/\/smartkeeper.sk\/wp-content\/uploads\/2020\/09\/Network-Module-Lock_8P_RD_Perpective-scaled-e1601316563759-1.jpg","datePublished":"2020-09-19T23:56:51+00:00","dateModified":"2023-01-19T21:34:23+00:00","description":"Uzam\u010den\u00ed s\u00ed\u0165ov\u00fdch kabel\u016f na s\u00ed\u0165ov\u00e9 porty, ani\u017e se LAN kabely vyt\u00e1hli. Z\u00e1mek pro 8-portov\u00e9 za\u0159\u00edzen\u00ed.","breadcrumb":{"@id":"https:\/\/smartkeeper.sk\/cs\/produkt\/network-module-lock-8p-pro\/#breadcrumb"},"inLanguage":"cs","potentialAction":[{"@type":"ReadAction","target":["https:\/\/smartkeeper.sk\/cs\/produkt\/network-module-lock-8p-pro\/"]}]},{"@type":"ImageObject","inLanguage":"cs","@id":"https:\/\/smartkeeper.sk\/cs\/produkt\/network-module-lock-8p-pro\/#primaryimage","url":"https:\/\/smartkeeper.sk\/wp-content\/uploads\/2020\/09\/Network-Module-Lock_8P_RD_Perpective-scaled-e1601316563759-1.jpg","contentUrl":"https:\/\/smartkeeper.sk\/wp-content\/uploads\/2020\/09\/Network-Module-Lock_8P_RD_Perpective-scaled-e1601316563759-1.jpg","width":1203,"height":998},{"@type":"BreadcrumbList","@id":"https:\/\/smartkeeper.sk\/cs\/produkt\/network-module-lock-8p-pro\/#breadcrumb","itemListElement":[{"@type":"ListItem","position":1,"name":"Domovsk\u00e1 str\u00e1nka","item":"https:\/\/smartkeeper.sk\/cs\/"},{"@type":"ListItem","position":2,"name":"Shop","item":"https:\/\/smartkeeper.sk\/cs\/shop\/"},{"@type":"ListItem","position":3,"name":"Network Module Lock 8P"}]},{"@type":"WebSite","@id":"https:\/\/smartkeeper.sk\/cs\/#website","url":"https:\/\/smartkeeper.sk\/cs\/","name":"smartkeeper.sk","description":"SmartKeeper - cybersecurity IT locks and devices","publisher":{"@id":"https:\/\/smartkeeper.sk\/cs\/#organization"},"potentialAction":[{"@type":"SearchAction","target":{"@type":"EntryPoint","urlTemplate":"https:\/\/smartkeeper.sk\/cs\/?s={search_term_string}"},"query-input":{"@type":"PropertyValueSpecification","valueRequired":true,"valueName":"search_term_string"}}],"inLanguage":"cs"},{"@type":"Organization","@id":"https:\/\/smartkeeper.sk\/cs\/#organization","name":"SmartKeeper","url":"https:\/\/smartkeeper.sk\/cs\/","logo":{"@type":"ImageObject","inLanguage":"cs","@id":"https:\/\/smartkeeper.sk\/cs\/#\/schema\/logo\/image\/","url":"https:\/\/smartkeeper.sk\/wp-content\/uploads\/2022\/01\/smart-keeper-logo-white-200px-1.png","contentUrl":"https:\/\/smartkeeper.sk\/wp-content\/uploads\/2022\/01\/smart-keeper-logo-white-200px-1.png","width":400,"height":219,"caption":"SmartKeeper"},"image":{"@id":"https:\/\/smartkeeper.sk\/cs\/#\/schema\/logo\/image\/"},"sameAs":["https:\/\/www.facebook.com\/SmartKeeperCEE\/","https:\/\/sk.linkedin.com\/company\/smartkeeper-ce?trk=public_profile_experience-item_profile-section-card_image-click"]}]}},"jetpack_sharing_enabled":true,"_links":{"self":[{"href":"https:\/\/smartkeeper.sk\/cs\/wp-json\/wp\/v2\/product\/15117","targetHints":{"allow":["GET"]}}],"collection":[{"href":"https:\/\/smartkeeper.sk\/cs\/wp-json\/wp\/v2\/product"}],"about":[{"href":"https:\/\/smartkeeper.sk\/cs\/wp-json\/wp\/v2\/types\/product"}],"version-history":[{"count":3,"href":"https:\/\/smartkeeper.sk\/cs\/wp-json\/wp\/v2\/product\/15117\/revisions"}],"predecessor-version":[{"id":23791,"href":"https:\/\/smartkeeper.sk\/cs\/wp-json\/wp\/v2\/product\/15117\/revisions\/23791"}],"wp:featuredmedia":[{"embeddable":true,"href":"https:\/\/smartkeeper.sk\/cs\/wp-json\/wp\/v2\/media\/9877"}],"wp:attachment":[{"href":"https:\/\/smartkeeper.sk\/cs\/wp-json\/wp\/v2\/media?parent=15117"}],"wp:term":[{"taxonomy":"product_brand","embeddable":true,"href":"https:\/\/smartkeeper.sk\/cs\/wp-json\/wp\/v2\/product_brand?post=15117"},{"taxonomy":"product_cat","embeddable":true,"href":"https:\/\/smartkeeper.sk\/cs\/wp-json\/wp\/v2\/product_cat?post=15117"},{"taxonomy":"product_tag","embeddable":true,"href":"https:\/\/smartkeeper.sk\/cs\/wp-json\/wp\/v2\/product_tag?post=15117"}],"curies":[{"name":"wp","href":"https:\/\/api.w.org\/{rel}","templated":true}]}}